{"id":5329,"date":"2025-01-28T18:41:55","date_gmt":"2025-01-28T18:41:55","guid":{"rendered":"https:\/\/growth-factor.fr\/?post_type=product&#038;p=5329"},"modified":"2026-04-09T20:19:51","modified_gmt":"2026-04-09T20:19:51","slug":"biotine-the-mossi-ginseng","status":"publish","type":"product","link":"https:\/\/growth-factor.fr\/it\/prodotto\/biotine-the-mossi-ginseng","title":{"rendered":"Biotine The Mossi &#8211; 120 micro-comprim\u00e9s"},"content":{"rendered":"<div data-elementor-type=\"product-post\" data-elementor-id=\"5329\" class=\"elementor elementor-5329\" data-elementor-post-type=\"product\">\n\t\t\t\t<div class=\"elementor-element elementor-element-7cdc3ac e-con-full e-flex e-con e-parent\" data-id=\"7cdc3ac\" data-element_type=\"container\">\n\t\t<div class=\"elementor-element elementor-element-0816298 e-con-full e-flex elementor-invisible e-con e-child\" data-id=\"0816298\" data-element_type=\"container\" data-settings=\"{&quot;animation&quot;:&quot;slideInLeft&quot;}\">\n\t\t\t\t<div class=\"elementor-element elementor-element-3a61f71 premium-atext__switch elementor-widget elementor-widget-premium-addon-fancy-text\" data-id=\"3a61f71\" data-element_type=\"widget\" data-widget_type=\"premium-addon-fancy-text.default\">\n\t\t\t\t<div class=\"elementor-widget-container\">\n\t\t\t\t\t\t\t<div class=\"premium-atext__wrapper premium-atext__typing\" data-start-effect=\"page_load\" data-settings=\"{&quot;effect&quot;:&quot;typing&quot;,&quot;strings&quot;:[&quot;Les Caract\\u00e9ristiques&quot;],&quot;typeSpeed&quot;:30,&quot;backSpeed&quot;:30,&quot;startDelay&quot;:500,&quot;backDelay&quot;:30,&quot;showCursor&quot;:false,&quot;loop&quot;:false,&quot;loading&quot;:false,&quot;style&quot;:&quot;switch&quot;}\">\n\n\t\t\t<h3 class=\"premium-atext__headline\">\n\t\t\t\n\t\t\t\t\t\t<span class=\"premium-atext__text\"><\/span>\n\t\t\n\t\t\t\n\t\t\t\n\t\t\t<\/h3>\n\t\t<\/div>\n\t\t\t\t\t\t<\/div>\n\t\t\t\t<\/div>\n\t\t\t\t<div class=\"elementor-element elementor-element-f2f526b premium-unfold-btn-inside elementor-widget elementor-widget-premium-unfold-addon\" data-id=\"f2f526b\" data-element_type=\"widget\" data-settings=\"{&quot;premium_unfold_button_fold_text&quot;:&quot;En lire plus&quot;,&quot;premium_unfold_button_unfold_text&quot;:&quot;En voir moins&quot;,&quot;premium_unfold_fold_height&quot;:50,&quot;premium_unfold_fold_height_tablet&quot;:33,&quot;premium_unfold_fold_height_mobile&quot;:31,&quot;premium_unfold_fold_height_select&quot;:&quot;percent&quot;,&quot;premium_unfold_fold_dur_select&quot;:&quot;fast&quot;,&quot;premium_unfold_fold_easing&quot;:&quot;swing&quot;,&quot;premium_unfold_unfold_dur_select&quot;:&quot;fast&quot;,&quot;premium_unfold_unfold_easing&quot;:&quot;swing&quot;}\" data-widget_type=\"premium-unfold-addon.default\">\n\t\t\t\t<div class=\"elementor-widget-container\">\n\t\t\t\t\t\n\t\t<div class='premium-unfold-container'>\n\t\t\t<div class='premium-unfold-folder'>\n\t\t\t\t\n\t\t\t\t<div id=\"premium-unfold-content-f2f526b\" class=\"premium-unfold-content toggled\">\n\t\t\t\t\t<div class=\"premium-unfold-content-wrap\">\n\t\t\t\t\t\t\t\t\t\t\t\t\t<p><strong>Biotina (vitamina B8) : Il vostro alleato per capelli, pelle e unghie<\/strong><br \/>La biotina, una delle <strong>Vitamine del gruppo B (B8 in Francia)<\/strong>\u00e8 essenziale per il rinnovamento cellulare di pelle, unghie e capelli. <strong>Solubile in acqua e non immagazzinato dall'organismo<\/strong>L'integrazione di vitamine \u00e8 spesso raccomandata per <strong>rafforzano i capelli indeboliti o ne prevengono la caduta<\/strong>.<\/p><p>\u00a0<\/p><p><strong>Composizione arricchita per risultati ottimali<\/strong><\/p><p>\u00a0<\/p><p>La <strong>Mossi Biotina<\/strong> combina principi attivi sinergici che mirano alla salute dei capelli e della pelle:<\/p><ul><li><p><strong>Zinco<\/strong> Questo oligoelemento chiave <strong>protegge le cellule dallo stress ossidativo<\/strong> (responsabile dell'invecchiamento), favorisce la sintesi di cheratina e partecipa alla divisione cellulare per <strong>capelli forti e pelle sana<\/strong>.<\/p><\/li><li><p><strong>Ginseng<\/strong> Grazie alla sua <strong>aminoacidi essenziali<\/strong>rinvigorisce il cuoio capelluto e <strong>stimola la vitalit\u00e0 dei capelli<\/strong>.<\/p><\/li><li><p><strong>Altri ingredienti attivi<\/strong> Una selezione di estratti naturali con <strong>anti-caduta e fortificante<\/strong>promuovere <strong>ricrescita visibile e duratura dei capelli<\/strong>.<\/p><\/li><\/ul><p>\u00a0<\/p><p><strong>Perch\u00e9 scegliere questo integratore?<\/strong><br \/>Progettato per <strong>mirano alle esigenze specifiche dei capelli indeboliti<\/strong>questo complesso agisce su <strong>l'intero ciclo del capello<\/strong> (follicolo pilifero, cheratinizzazione, microcircolazione). Come altri <strong>Integratori per capelli Mossi<\/strong>Combina efficacia scientifica e ingredienti naturali per un <strong>cura completa di capelli, unghie e pelle<\/strong>.<\/p>\t\t\t\t\t\t\t\t\t\t\t\t<\/div>\n\t\t\t\t<\/div>\n\t\t\t\t\t\t\t\t<div id=\"premium-unfold-gradient-f2f526b\" class=\"premium-unfold-gradient toggled\"><\/div>\n\t\t\t\t\t\t\t<\/div>\n\t\t\t\t<a class=\"premium-button premium-btn-sm\" href=\"javascript:;\" aria-label=\"Per saperne di pi\u00f9\">\n\t\t\t\t\t<span class=\"premium-unfold-icon premium-unfold-before\"><\/span>\n\t\t\t\t\t<span class=\"premium-unfold-button-text\"><\/span>\n\t\t\t\t<\/a>\n\t\t\t\t<\/div>\n\t\t\n\t\t\t\t\t<span class=\"premium-icon-holder-fold\">\n\t\t\t\t<svg aria-hidden=\"true\" class=\"e-font-icon-svg e-fas-arrow-up\" viewbox=\"0 0 448 512\" xmlns=\"http:\/\/www.w3.org\/2000\/svg\"><path d=\"M34.9 289.5l-22.2-22.2c-9.4-9.4-9.4-24.6 0-33.9L207 39c9.4-9.4 24.6-9.4 33.9 0l194.3 194.3c9.4 9.4 9.4 24.6 0 33.9L413 289.4c-9.5 9.5-25 9.3-34.3-.4L264 168.6V456c0 13.3-10.7 24-24 24h-32c-13.3 0-24-10.7-24-24V168.6L69.2 289.1c-9.3 9.8-24.8 10-34.3.4z\"><\/path><\/svg>\t\t\t<\/span>\n\t\t\t<span class=\"premium-icon-holder-unfolded\">\n\t\t\t\t<svg aria-hidden=\"true\" class=\"e-font-icon-svg e-fas-arrow-down\" viewbox=\"0 0 448 512\" xmlns=\"http:\/\/www.w3.org\/2000\/svg\"><path d=\"M413.1 222.5l22.2 22.2c9.4 9.4 9.4 24.6 0 33.9L241 473c-9.4 9.4-24.6 9.4-33.9 0L12.7 278.6c-9.4-9.4-9.4-24.6 0-33.9l22.2-22.2c9.5-9.5 25-9.3 34.3.4L184 343.4V56c0-13.3 10.7-24 24-24h32c13.3 0 24 10.7 24 24v287.4l114.8-120.5c9.3-9.8 24.8-10 34.3-.4z\"><\/path><\/svg>\t\t\t<\/span>\n\t\t\t\t\t\t\t\t<\/div>\n\t\t\t\t<\/div>\n\t\t\t\t<\/div>\n\t\t<div class=\"premium-parallax-section-hide elementor-element elementor-element-0d5ac5f premium-parallax-yes e-con-full e-flex elementor-invisible e-con e-child\" data-pa-parallax=\"{&quot;type&quot;:&quot;scroll-opacity&quot;,&quot;speed&quot;:0.6,&quot;android&quot;:0,&quot;ios&quot;:0,&quot;size&quot;:&quot;cover&quot;,&quot;repeat&quot;:&quot;no-repeat&quot;}\" data-id=\"0d5ac5f\" data-element_type=\"container\" data-settings=\"{&quot;background_background&quot;:&quot;classic&quot;,&quot;animation&quot;:&quot;slideInRight&quot;}\">\n\t\t\t\t<div class=\"elementor-element elementor-element-86375de elementor-widget elementor-widget-premium-img-layers-addon\" data-id=\"86375de\" data-element_type=\"widget\" data-widget_type=\"premium-img-layers-addon.default\">\n\t\t\t\t<div class=\"elementor-widget-container\">\n\t\t\t\t\t\r\n\t\t<div class=\"premium-img-layers-wrapper\" data-devices=\"[&quot;desktop&quot;,&quot;tablet&quot;,&quot;mobile&quot;]\">\r\n\t\t\t<ul class=\"premium-img-layers-list-wrapper\">\r\n\t\t\t\t\r\n\t\t\t\t\t\t<li class=\"premium-img-layers-list-item  elementor-repeater-item-33d7a24 premium-img-layer-bright\" data-layer-hide=\"&quot;&quot;\">\r\n\t\t\t\t\t\t<img fetchpriority=\"high\" decoding=\"async\" width=\"1200\" height=\"1200\" src=\"https:\/\/growth-factor.fr\/wp-content\/uploads\/2024\/03\/podium-Biotine-the-Mossi-croissance-capillaire.webp\" class=\"attachment-full size-full premium-img-layers-image\" alt=\"podio Biotine la crescita dei capelli Mossi\" srcset=\"https:\/\/growth-factor.fr\/wp-content\/uploads\/2024\/03\/podium-Biotine-the-Mossi-croissance-capillaire.webp 1200w, https:\/\/growth-factor.fr\/wp-content\/uploads\/2024\/03\/podium-Biotine-the-Mossi-croissance-capillaire-100x100.webp 100w, https:\/\/growth-factor.fr\/wp-content\/uploads\/2024\/03\/podium-Biotine-the-Mossi-croissance-capillaire-300x300.webp 300w, https:\/\/growth-factor.fr\/wp-content\/uploads\/2024\/03\/podium-Biotine-the-Mossi-croissance-capillaire-1024x1024.webp 1024w, https:\/\/growth-factor.fr\/wp-content\/uploads\/2024\/03\/podium-Biotine-the-Mossi-croissance-capillaire-350x350.webp 350w, https:\/\/growth-factor.fr\/wp-content\/uploads\/2024\/03\/podium-Biotine-the-Mossi-croissance-capillaire-768x768.webp 768w, https:\/\/growth-factor.fr\/wp-content\/uploads\/2024\/03\/podium-Biotine-the-Mossi-croissance-capillaire-12x12.webp 12w, https:\/\/growth-factor.fr\/wp-content\/uploads\/2024\/03\/podium-Biotine-the-Mossi-croissance-capillaire-800x800.webp 800w\" sizes=\"(max-width: 1200px) 100vw, 1200px\" \/>\r\n\t\t\t\t\t\t\t\r\n\t\t\t\t\t\t\r\n\t\t\t\t\t\t<\/li>\r\n\t\t\t\t\t\t\t\t\t\t\t<\/ul>\r\n\t\t<\/div>\r\n\r\n\t\t\t\t\t\t<\/div>\n\t\t\t\t<\/div>\n\t\t\t\t<\/div>\n\t\t\t\t<\/div>\n\t\t<div class=\"elementor-element elementor-element-5381801 e-con-full e-flex e-con e-parent\" data-id=\"5381801\" data-element_type=\"container\">\n\t\t<div class=\"premium-parallax-section-hide elementor-element elementor-element-09f317d premium-parallax-yes elementor-hidden-mobile e-con-full e-flex elementor-invisible e-con e-child\" data-pa-parallax=\"{&quot;type&quot;:&quot;scroll-opacity&quot;,&quot;speed&quot;:0.6,&quot;android&quot;:0,&quot;ios&quot;:0,&quot;size&quot;:&quot;cover&quot;,&quot;repeat&quot;:&quot;no-repeat&quot;}\" data-id=\"09f317d\" data-element_type=\"container\" data-settings=\"{&quot;background_background&quot;:&quot;classic&quot;,&quot;animation&quot;:&quot;slideInLeft&quot;}\">\n\t\t\t\t<\/div>\n\t\t<div class=\"elementor-element elementor-element-9e72907 e-con-full e-flex elementor-invisible e-con e-child\" data-id=\"9e72907\" data-element_type=\"container\" data-settings=\"{&quot;animation&quot;:&quot;slideInRight&quot;}\">\n\t\t\t\t<div class=\"elementor-element elementor-element-a894523 premium-atext__switch elementor-widget elementor-widget-premium-addon-fancy-text\" data-id=\"a894523\" data-element_type=\"widget\" data-widget_type=\"premium-addon-fancy-text.default\">\n\t\t\t\t<div class=\"elementor-widget-container\">\n\t\t\t\t\t\t\t<div class=\"premium-atext__wrapper premium-atext__typing\" data-start-effect=\"page_load\" data-settings=\"{&quot;effect&quot;:&quot;typing&quot;,&quot;strings&quot;:[&quot;Notice&quot;],&quot;typeSpeed&quot;:30,&quot;backSpeed&quot;:30,&quot;startDelay&quot;:100,&quot;backDelay&quot;:30,&quot;showCursor&quot;:false,&quot;loop&quot;:false,&quot;loading&quot;:false,&quot;style&quot;:&quot;switch&quot;}\">\n\n\t\t\t<h3 class=\"premium-atext__headline\">\n\t\t\t\n\t\t\t\t\t\t<span class=\"premium-atext__text\"><\/span>\n\t\t\n\t\t\t\n\t\t\t\n\t\t\t<\/h3>\n\t\t<\/div>\n\t\t\t\t\t\t<\/div>\n\t\t\t\t<\/div>\n\t\t\t\t<div class=\"elementor-element elementor-element-d4192dd premium-unfold-btn-inside elementor-widget elementor-widget-premium-unfold-addon\" data-id=\"d4192dd\" data-element_type=\"widget\" data-settings=\"{&quot;premium_unfold_button_fold_text&quot;:&quot;En lire plus&quot;,&quot;premium_unfold_button_unfold_text&quot;:&quot;En voir moins&quot;,&quot;premium_unfold_fold_height&quot;:70,&quot;premium_unfold_fold_height_mobile&quot;:20,&quot;premium_unfold_fold_height_select&quot;:&quot;percent&quot;,&quot;premium_unfold_fold_dur_select&quot;:&quot;fast&quot;,&quot;premium_unfold_fold_easing&quot;:&quot;swing&quot;,&quot;premium_unfold_unfold_dur_select&quot;:&quot;fast&quot;,&quot;premium_unfold_unfold_easing&quot;:&quot;swing&quot;}\" data-widget_type=\"premium-unfold-addon.default\">\n\t\t\t\t<div class=\"elementor-widget-container\">\n\t\t\t\t\t\n\t\t<div class='premium-unfold-container'>\n\t\t\t<div class='premium-unfold-folder'>\n\t\t\t\t\n\t\t\t\t<div id=\"premium-unfold-content-d4192dd\" class=\"premium-unfold-content toggled\">\n\t\t\t\t\t<div class=\"premium-unfold-content-wrap\">\n\t\t\t\t\t\t\t\t\t\t\t\t\t<p><\/p><\/div><\/div><\/div><\/div><\/div><\/div><\/div><\/div><\/div> <a href=\"https:\/\/growth-factor.fr\/it\/prodotto\/biotine-the-mossi-ginseng#more-5329\" class=\"more-link elementor-more-link\"><span aria-label=\"Continua a leggere Biotine The Mossi &#8211; 120 micro-comprim\u00e9s\">(altro...)<\/span><\/a>","protected":false},"excerpt":{"rendered":"<p>Le capsule vitaminiche Mossi, con la loro dose di biotina - ginseng - zinco, formano un cocktail naturale che vi aiuter\u00e0 a rafforzare i capelli e a prevenirne la caduta. Una combinazione di estratti vegetali per capelli sani!<\/p>\n<p>&nbsp;<\/p>\n<p><b>Benefici<\/b><\/p>\n<ul>\n<li aria-level=\"1\">Rafforzamento dei follicoli piliferi dopo un trapianto di capelli.<\/li>\n<li aria-level=\"1\">Riduce la caduta dei capelli.<\/li>\n<li aria-level=\"1\">Accelerazione della crescita di nuovi capelli.<\/li>\n<li aria-level=\"1\">Rafforza e ispessisce i capelli.<\/li>\n<\/ul>\n<p>&nbsp;<\/p>\n<p><b>Formato<\/b> Una confezione contiene 120 compresse<\/p>","protected":false},"featured_media":4499,"comment_status":"open","ping_status":"closed","template":"","meta":[],"product_brand":[],"product_cat":[20,21,34],"product_tag":[],"class_list":{"0":"post-5329","1":"product","2":"type-product","3":"status-publish","4":"has-post-thumbnail","6":"product_cat-nutrition","7":"product_cat-special-soin-post-greffe","8":"product_cat-the-mossi","10":"first","11":"instock","12":"shipping-taxable","13":"purchasable","14":"product-type-simple"},"yoast_head":"<!-- This site is optimized with the Yoast SEO plugin v26.6 - https:\/\/yoast.com\/wordpress\/plugins\/seo\/ -->\n<title>Biotine the Mossi anti-chute de cheveux zinc+ginseng<\/title>\n<meta name=\"description\" content=\"Les g\u00e9lules Biotine the Mossi et son combo zinc+ginseng, aide \u00e0 renforcer la chevelure et pr\u00e9venir la chute des cheveux. 100% d&#039;origine naturelle.\" \/>\n<meta name=\"robots\" content=\"index, follow, max-snippet:-1, max-image-preview:large, max-video-preview:-1\" \/>\n<link rel=\"canonical\" href=\"https:\/\/growth-factor.fr\/it\/prodotto\/biotine-the-mossi-ginseng\/\" \/>\n<meta property=\"og:locale\" content=\"it_IT\" \/>\n<meta property=\"og:type\" content=\"article\" \/>\n<meta property=\"og:title\" content=\"Biotine the Mossi anti-chute de cheveux zinc+ginseng\" \/>\n<meta property=\"og:description\" content=\"Les g\u00e9lules Biotine the Mossi et son combo zinc+ginseng, aide \u00e0 renforcer la chevelure et pr\u00e9venir la chute des cheveux. 100% d&#039;origine naturelle.\" \/>\n<meta property=\"og:url\" content=\"https:\/\/growth-factor.fr\/it\/prodotto\/biotine-the-mossi-ginseng\/\" \/>\n<meta property=\"og:site_name\" content=\"GrowthFactor\" \/>\n<meta property=\"article:modified_time\" content=\"2026-04-09T20:19:51+00:00\" \/>\n<meta property=\"og:image\" content=\"https:\/\/growth-factor.fr\/wp-content\/uploads\/2024\/03\/Biotine-the-mossi-anti-chute-de-cheveux.webp\" \/>\n\t<meta property=\"og:image:width\" content=\"1200\" \/>\n\t<meta property=\"og:image:height\" content=\"1200\" \/>\n\t<meta property=\"og:image:type\" content=\"image\/webp\" \/>\n<meta name=\"twitter:card\" content=\"summary_large_image\" \/>\n<meta name=\"twitter:label1\" content=\"Tempo di lettura stimato\" \/>\n\t<meta name=\"twitter:data1\" content=\"2 minuti\" \/>\n<script type=\"application\/ld+json\" class=\"yoast-schema-graph\">{\"@context\":\"https:\/\/schema.org\",\"@graph\":[{\"@type\":\"WebPage\",\"@id\":\"https:\/\/growth-factor.fr\/produit\/biotine-the-mossi-ginseng\",\"url\":\"https:\/\/growth-factor.fr\/produit\/biotine-the-mossi-ginseng\",\"name\":\"Biotine the Mossi anti-chute de cheveux zinc+ginseng\",\"isPartOf\":{\"@id\":\"https:\/\/growth-factor.fr\/#website\"},\"primaryImageOfPage\":{\"@id\":\"https:\/\/growth-factor.fr\/produit\/biotine-the-mossi-ginseng#primaryimage\"},\"image\":{\"@id\":\"https:\/\/growth-factor.fr\/produit\/biotine-the-mossi-ginseng#primaryimage\"},\"thumbnailUrl\":\"https:\/\/growth-factor.fr\/wp-content\/uploads\/2024\/03\/Biotine-the-mossi-anti-chute-de-cheveux.webp\",\"datePublished\":\"2025-01-28T18:41:55+00:00\",\"dateModified\":\"2026-04-09T20:19:51+00:00\",\"description\":\"Les g\u00e9lules Biotine the Mossi et son combo zinc+ginseng, aide \u00e0 renforcer la chevelure et pr\u00e9venir la chute des cheveux. 100% d'origine naturelle.\",\"breadcrumb\":{\"@id\":\"https:\/\/growth-factor.fr\/produit\/biotine-the-mossi-ginseng#breadcrumb\"},\"inLanguage\":\"it-IT\",\"potentialAction\":[{\"@type\":\"ReadAction\",\"target\":[\"https:\/\/growth-factor.fr\/produit\/biotine-the-mossi-ginseng\"]}]},{\"@type\":\"ImageObject\",\"inLanguage\":\"it-IT\",\"@id\":\"https:\/\/growth-factor.fr\/produit\/biotine-the-mossi-ginseng#primaryimage\",\"url\":\"https:\/\/growth-factor.fr\/wp-content\/uploads\/2024\/03\/Biotine-the-mossi-anti-chute-de-cheveux.webp\",\"contentUrl\":\"https:\/\/growth-factor.fr\/wp-content\/uploads\/2024\/03\/Biotine-the-mossi-anti-chute-de-cheveux.webp\",\"width\":1200,\"height\":1200,\"caption\":\"Biotine the mossi anti-chute de cheveux\"},{\"@type\":\"BreadcrumbList\",\"@id\":\"https:\/\/growth-factor.fr\/produit\/biotine-the-mossi-ginseng#breadcrumb\",\"itemListElement\":[{\"@type\":\"ListItem\",\"position\":1,\"name\":\"Accueil\",\"item\":\"https:\/\/growth-factor.fr\/\"},{\"@type\":\"ListItem\",\"position\":2,\"name\":\"Produits\",\"item\":\"https:\/\/growth-factor.fr\/shop\"},{\"@type\":\"ListItem\",\"position\":3,\"name\":\"Biotine The Mossi &#8211; 120 micro-comprim\u00e9s\"}]},{\"@type\":\"WebSite\",\"@id\":\"https:\/\/growth-factor.fr\/#website\",\"url\":\"https:\/\/growth-factor.fr\/\",\"name\":\"GrowthFactor\",\"description\":\"Trouvez le facteur de croissance pour vos cheveux\",\"potentialAction\":[{\"@type\":\"SearchAction\",\"target\":{\"@type\":\"EntryPoint\",\"urlTemplate\":\"https:\/\/growth-factor.fr\/?s={search_term_string}\"},\"query-input\":{\"@type\":\"PropertyValueSpecification\",\"valueRequired\":true,\"valueName\":\"search_term_string\"}}],\"inLanguage\":\"it-IT\"}]}<\/script>\n<!-- \/ Yoast SEO plugin. -->","yoast_head_json":{"title":"Biotina lo zinco+ginseng di Mossi contro la perdita di capelli","description":"Le capsule Biotine the Mossi e la sua combinazione zinco+ginseng aiutano a rafforzare i capelli e a prevenirne la caduta. 100% di origine naturale.","robots":{"index":"index","follow":"follow","max-snippet":"max-snippet:-1","max-image-preview":"max-image-preview:large","max-video-preview":"max-video-preview:-1"},"canonical":"https:\/\/growth-factor.fr\/it\/prodotto\/biotine-the-mossi-ginseng\/","og_locale":"it_IT","og_type":"article","og_title":"Biotine the Mossi anti-chute de cheveux zinc+ginseng","og_description":"Les g\u00e9lules Biotine the Mossi et son combo zinc+ginseng, aide \u00e0 renforcer la chevelure et pr\u00e9venir la chute des cheveux. 100% d'origine naturelle.","og_url":"https:\/\/growth-factor.fr\/it\/prodotto\/biotine-the-mossi-ginseng\/","og_site_name":"GrowthFactor","article_modified_time":"2026-04-09T20:19:51+00:00","og_image":[{"width":1200,"height":1200,"url":"https:\/\/growth-factor.fr\/wp-content\/uploads\/2024\/03\/Biotine-the-mossi-anti-chute-de-cheveux.webp","type":"image\/webp"}],"twitter_card":"summary_large_image","twitter_misc":{"Tempo di lettura stimato":"2 minuti"},"schema":{"@context":"https:\/\/schema.org","@graph":[{"@type":"WebPage","@id":"https:\/\/growth-factor.fr\/produit\/biotine-the-mossi-ginseng","url":"https:\/\/growth-factor.fr\/produit\/biotine-the-mossi-ginseng","name":"Biotina lo zinco+ginseng di Mossi contro la perdita di capelli","isPartOf":{"@id":"https:\/\/growth-factor.fr\/#website"},"primaryImageOfPage":{"@id":"https:\/\/growth-factor.fr\/produit\/biotine-the-mossi-ginseng#primaryimage"},"image":{"@id":"https:\/\/growth-factor.fr\/produit\/biotine-the-mossi-ginseng#primaryimage"},"thumbnailUrl":"https:\/\/growth-factor.fr\/wp-content\/uploads\/2024\/03\/Biotine-the-mossi-anti-chute-de-cheveux.webp","datePublished":"2025-01-28T18:41:55+00:00","dateModified":"2026-04-09T20:19:51+00:00","description":"Le capsule Biotine the Mossi e la sua combinazione zinco+ginseng aiutano a rafforzare i capelli e a prevenirne la caduta. 100% di origine naturale.","breadcrumb":{"@id":"https:\/\/growth-factor.fr\/produit\/biotine-the-mossi-ginseng#breadcrumb"},"inLanguage":"it-IT","potentialAction":[{"@type":"ReadAction","target":["https:\/\/growth-factor.fr\/produit\/biotine-the-mossi-ginseng"]}]},{"@type":"ImageObject","inLanguage":"it-IT","@id":"https:\/\/growth-factor.fr\/produit\/biotine-the-mossi-ginseng#primaryimage","url":"https:\/\/growth-factor.fr\/wp-content\/uploads\/2024\/03\/Biotine-the-mossi-anti-chute-de-cheveux.webp","contentUrl":"https:\/\/growth-factor.fr\/wp-content\/uploads\/2024\/03\/Biotine-the-mossi-anti-chute-de-cheveux.webp","width":1200,"height":1200,"caption":"Biotine the mossi anti-chute de cheveux"},{"@type":"BreadcrumbList","@id":"https:\/\/growth-factor.fr\/produit\/biotine-the-mossi-ginseng#breadcrumb","itemListElement":[{"@type":"ListItem","position":1,"name":"Accueil","item":"https:\/\/growth-factor.fr\/"},{"@type":"ListItem","position":2,"name":"Produits","item":"https:\/\/growth-factor.fr\/shop"},{"@type":"ListItem","position":3,"name":"Biotine The Mossi &#8211; 120 micro-comprim\u00e9s"}]},{"@type":"WebSite","@id":"https:\/\/growth-factor.fr\/#website","url":"https:\/\/growth-factor.fr\/","name":"Fattore di crescita","description":"Trovate il fattore di crescita per i vostri capelli","potentialAction":[{"@type":"SearchAction","target":{"@type":"EntryPoint","urlTemplate":"https:\/\/growth-factor.fr\/?s={search_term_string}"},"query-input":{"@type":"PropertyValueSpecification","valueRequired":true,"valueName":"search_term_string"}}],"inLanguage":"it-IT"}]}},"_links":{"self":[{"href":"https:\/\/growth-factor.fr\/it\/wp-json\/wp\/v2\/product\/5329","targetHints":{"allow":["GET"]}}],"collection":[{"href":"https:\/\/growth-factor.fr\/it\/wp-json\/wp\/v2\/product"}],"about":[{"href":"https:\/\/growth-factor.fr\/it\/wp-json\/wp\/v2\/types\/product"}],"replies":[{"embeddable":true,"href":"https:\/\/growth-factor.fr\/it\/wp-json\/wp\/v2\/comments?post=5329"}],"version-history":[{"count":10,"href":"https:\/\/growth-factor.fr\/it\/wp-json\/wp\/v2\/product\/5329\/revisions"}],"predecessor-version":[{"id":6077,"href":"https:\/\/growth-factor.fr\/it\/wp-json\/wp\/v2\/product\/5329\/revisions\/6077"}],"wp:featuredmedia":[{"embeddable":true,"href":"https:\/\/growth-factor.fr\/it\/wp-json\/wp\/v2\/media\/4499"}],"wp:attachment":[{"href":"https:\/\/growth-factor.fr\/it\/wp-json\/wp\/v2\/media?parent=5329"}],"wp:term":[{"taxonomy":"product_brand","embeddable":true,"href":"https:\/\/growth-factor.fr\/it\/wp-json\/wp\/v2\/product_brand?post=5329"},{"taxonomy":"product_cat","embeddable":true,"href":"https:\/\/growth-factor.fr\/it\/wp-json\/wp\/v2\/product_cat?post=5329"},{"taxonomy":"product_tag","embeddable":true,"href":"https:\/\/growth-factor.fr\/it\/wp-json\/wp\/v2\/product_tag?post=5329"}],"curies":[{"name":"wp","href":"https:\/\/api.w.org\/{rel}","templated":true}]}}