{"id":4596,"date":"2024-03-28T17:08:56","date_gmt":"2024-03-28T17:08:56","guid":{"rendered":"https:\/\/growth-factor.fr\/?post_type=product&#038;p=4596"},"modified":"2026-02-19T20:30:32","modified_gmt":"2026-02-19T20:30:32","slug":"pack-2-boites-biotine-the-mossi","status":"publish","type":"product","link":"https:\/\/growth-factor.fr\/it\/prodotto\/pack-2-boites-biotine-the-mossi","title":{"rendered":"Confezione da 2 scatole Biotine The Mossi Zinc+Saw Palmetto"},"content":{"rendered":"<div data-elementor-type=\"product-post\" data-elementor-id=\"4596\" class=\"elementor elementor-4596\" data-elementor-post-type=\"product\">\n\t\t\t\t<div class=\"elementor-element elementor-element-7cdc3ac e-con-full e-flex e-con e-parent\" data-id=\"7cdc3ac\" data-element_type=\"container\">\n\t\t<div class=\"elementor-element elementor-element-0816298 e-con-full e-flex elementor-invisible e-con e-child\" data-id=\"0816298\" data-element_type=\"container\" data-settings=\"{&quot;animation&quot;:&quot;slideInLeft&quot;}\">\n\t\t\t\t<div class=\"elementor-element elementor-element-3a61f71 premium-atext__switch elementor-widget elementor-widget-premium-addon-fancy-text\" data-id=\"3a61f71\" data-element_type=\"widget\" data-widget_type=\"premium-addon-fancy-text.default\">\n\t\t\t\t<div class=\"elementor-widget-container\">\n\t\t\t\t\t\t\t<div class=\"premium-atext__wrapper premium-atext__typing\" data-start-effect=\"page_load\" data-settings=\"{&quot;effect&quot;:&quot;typing&quot;,&quot;strings&quot;:[&quot;Les Caract\\u00e9ristiques&quot;],&quot;typeSpeed&quot;:30,&quot;backSpeed&quot;:30,&quot;startDelay&quot;:500,&quot;backDelay&quot;:30,&quot;showCursor&quot;:false,&quot;loop&quot;:false,&quot;loading&quot;:false,&quot;style&quot;:&quot;switch&quot;}\">\n\n\t\t\t<h3 class=\"premium-atext__headline\">\n\t\t\t\n\t\t\t\t\t\t<span class=\"premium-atext__text\"><\/span>\n\t\t\n\t\t\t\n\t\t\t\n\t\t\t<\/h3>\n\t\t<\/div>\n\t\t\t\t\t\t<\/div>\n\t\t\t\t<\/div>\n\t\t\t\t<div class=\"elementor-element elementor-element-f2f526b premium-unfold-btn-inside elementor-widget elementor-widget-premium-unfold-addon\" data-id=\"f2f526b\" data-element_type=\"widget\" data-settings=\"{&quot;premium_unfold_button_fold_text&quot;:&quot;En lire plus&quot;,&quot;premium_unfold_button_unfold_text&quot;:&quot;En voir moins&quot;,&quot;premium_unfold_fold_height&quot;:50,&quot;premium_unfold_fold_height_tablet&quot;:33,&quot;premium_unfold_fold_height_mobile&quot;:31,&quot;premium_unfold_fold_height_select&quot;:&quot;percent&quot;,&quot;premium_unfold_fold_dur_select&quot;:&quot;fast&quot;,&quot;premium_unfold_fold_easing&quot;:&quot;swing&quot;,&quot;premium_unfold_unfold_dur_select&quot;:&quot;fast&quot;,&quot;premium_unfold_unfold_easing&quot;:&quot;swing&quot;}\" data-widget_type=\"premium-unfold-addon.default\">\n\t\t\t\t<div class=\"elementor-widget-container\">\n\t\t\t\t\t\n\t\t<div class='premium-unfold-container'>\n\t\t\t<div class='premium-unfold-folder'>\n\t\t\t\t\n\t\t\t\t<div id=\"premium-unfold-content-f2f526b\" class=\"premium-unfold-content toggled\">\n\t\t\t\t\t<div class=\"premium-unfold-content-wrap\">\n\t\t\t\t\t\t\t\t\t\t\t\t\t<p><\/p><\/div><\/div><\/div><\/div><\/div><\/div><\/div><\/div><\/div> <a href=\"https:\/\/growth-factor.fr\/it\/prodotto\/pack-2-boites-biotine-the-mossi#more-4596\" class=\"more-link elementor-more-link\"><span aria-label=\"Continua a leggere Pack 2 boites Biotine The Mossi Zinc+Saw Palmetto\">(altro...)<\/span><\/a>","protected":false},"excerpt":{"rendered":"<p>Le capsule vitaminiche Mossi, con la loro dose di biotina - gincko Balboa - zinco formano un cocktail naturale che vi aiuter\u00e0 a rafforzare i capelli e a prevenirne la caduta. Nuova ricetta! Ancora pi\u00f9 estratti vegetali per capelli sani!<\/p>\n<p>&nbsp;<\/p>\n<p><b>Benefici<\/b><\/p>\n<ul>\n<li aria-level=\"1\">Rafforzamento dei follicoli piliferi dopo un trapianto di capelli.<\/li>\n<li aria-level=\"1\">Riduce la caduta dei capelli.<\/li>\n<li aria-level=\"1\">Accelerazione della crescita di nuovi capelli.<\/li>\n<li aria-level=\"1\">Rafforza e ispessisce i capelli.<\/li>\n<\/ul>\n<p>&nbsp;<\/p>\n<p><b>Formato<\/b> Confezione da 2 scatole. Una scatola contiene 60 compresse.<\/p>","protected":false},"featured_media":5301,"comment_status":"open","ping_status":"closed","template":"","meta":[],"product_brand":[],"product_cat":[38,20,21,34],"product_tag":[],"class_list":{"0":"post-4596","1":"product","2":"type-product","3":"status-publish","4":"has-post-thumbnail","6":"product_cat-coffrets","7":"product_cat-nutrition","8":"product_cat-special-soin-post-greffe","9":"product_cat-the-mossi","11":"first","12":"outofstock","13":"sale","14":"shipping-taxable","15":"purchasable","16":"product-type-simple"},"yoast_head":"<!-- This site is optimized with the Yoast SEO plugin v26.6 - https:\/\/yoast.com\/wordpress\/plugins\/seo\/ -->\n<title>Pack 2 Biotine the Mossi anti-chute de cheveux Zinc+Saw Palmetto<\/title>\n<meta name=\"description\" content=\"La Biotine the Mossi, sous forme de g\u00e9lules vitaminiques, aide \u00e0 renforcer la chevelure et pr\u00e9venir la chute des cheveux. 100% d&#039;origine naturelle.\" \/>\n<meta name=\"robots\" content=\"index, follow, max-snippet:-1, max-image-preview:large, max-video-preview:-1\" \/>\n<link rel=\"canonical\" href=\"https:\/\/growth-factor.fr\/it\/prodotto\/pack-2-boites-biotine-the-mossi\/\" \/>\n<meta property=\"og:locale\" content=\"it_IT\" \/>\n<meta property=\"og:type\" content=\"article\" \/>\n<meta property=\"og:title\" content=\"Pack 2 Biotine the Mossi anti-chute de cheveux Zinc+Saw Palmetto\" \/>\n<meta property=\"og:description\" content=\"La Biotine the Mossi, sous forme de g\u00e9lules vitaminiques, aide \u00e0 renforcer la chevelure et pr\u00e9venir la chute des cheveux. 100% d&#039;origine naturelle.\" \/>\n<meta property=\"og:url\" content=\"https:\/\/growth-factor.fr\/it\/prodotto\/pack-2-boites-biotine-the-mossi\/\" \/>\n<meta property=\"og:site_name\" content=\"GrowthFactor\" \/>\n<meta property=\"article:modified_time\" content=\"2026-02-19T20:30:32+00:00\" \/>\n<meta property=\"og:image\" content=\"https:\/\/growth-factor.fr\/wp-content\/uploads\/2024\/03\/biotine-the-mossi-pack-2-enrichie-palmier-zinc.webp\" \/>\n\t<meta property=\"og:image:width\" content=\"1200\" \/>\n\t<meta property=\"og:image:height\" content=\"1200\" \/>\n\t<meta property=\"og:image:type\" content=\"image\/webp\" \/>\n<meta name=\"twitter:card\" content=\"summary_large_image\" \/>\n<meta name=\"twitter:label1\" content=\"Tempo di lettura stimato\" \/>\n\t<meta name=\"twitter:data1\" content=\"2 minuti\" \/>\n<script type=\"application\/ld+json\" class=\"yoast-schema-graph\">{\"@context\":\"https:\/\/schema.org\",\"@graph\":[{\"@type\":\"WebPage\",\"@id\":\"https:\/\/growth-factor.fr\/produit\/pack-2-boites-biotine-the-mossi\",\"url\":\"https:\/\/growth-factor.fr\/produit\/pack-2-boites-biotine-the-mossi\",\"name\":\"Pack 2 Biotine the Mossi anti-chute de cheveux Zinc+Saw Palmetto\",\"isPartOf\":{\"@id\":\"https:\/\/growth-factor.fr\/#website\"},\"primaryImageOfPage\":{\"@id\":\"https:\/\/growth-factor.fr\/produit\/pack-2-boites-biotine-the-mossi#primaryimage\"},\"image\":{\"@id\":\"https:\/\/growth-factor.fr\/produit\/pack-2-boites-biotine-the-mossi#primaryimage\"},\"thumbnailUrl\":\"https:\/\/growth-factor.fr\/wp-content\/uploads\/2024\/03\/biotine-the-mossi-pack-2-enrichie-palmier-zinc.webp\",\"datePublished\":\"2024-03-28T17:08:56+00:00\",\"dateModified\":\"2026-02-19T20:30:32+00:00\",\"description\":\"La Biotine the Mossi, sous forme de g\u00e9lules vitaminiques, aide \u00e0 renforcer la chevelure et pr\u00e9venir la chute des cheveux. 100% d'origine naturelle.\",\"breadcrumb\":{\"@id\":\"https:\/\/growth-factor.fr\/produit\/pack-2-boites-biotine-the-mossi#breadcrumb\"},\"inLanguage\":\"it-IT\",\"potentialAction\":[{\"@type\":\"ReadAction\",\"target\":[\"https:\/\/growth-factor.fr\/produit\/pack-2-boites-biotine-the-mossi\"]}]},{\"@type\":\"ImageObject\",\"inLanguage\":\"it-IT\",\"@id\":\"https:\/\/growth-factor.fr\/produit\/pack-2-boites-biotine-the-mossi#primaryimage\",\"url\":\"https:\/\/growth-factor.fr\/wp-content\/uploads\/2024\/03\/biotine-the-mossi-pack-2-enrichie-palmier-zinc.webp\",\"contentUrl\":\"https:\/\/growth-factor.fr\/wp-content\/uploads\/2024\/03\/biotine-the-mossi-pack-2-enrichie-palmier-zinc.webp\",\"width\":1200,\"height\":1200},{\"@type\":\"BreadcrumbList\",\"@id\":\"https:\/\/growth-factor.fr\/produit\/pack-2-boites-biotine-the-mossi#breadcrumb\",\"itemListElement\":[{\"@type\":\"ListItem\",\"position\":1,\"name\":\"Accueil\",\"item\":\"https:\/\/growth-factor.fr\/\"},{\"@type\":\"ListItem\",\"position\":2,\"name\":\"Produits\",\"item\":\"https:\/\/growth-factor.fr\/shop\"},{\"@type\":\"ListItem\",\"position\":3,\"name\":\"Pack 2 boites Biotine The Mossi Zinc+Saw Palmetto\"}]},{\"@type\":\"WebSite\",\"@id\":\"https:\/\/growth-factor.fr\/#website\",\"url\":\"https:\/\/growth-factor.fr\/\",\"name\":\"GrowthFactor\",\"description\":\"Trouvez le facteur de croissance pour vos cheveux\",\"potentialAction\":[{\"@type\":\"SearchAction\",\"target\":{\"@type\":\"EntryPoint\",\"urlTemplate\":\"https:\/\/growth-factor.fr\/?s={search_term_string}\"},\"query-input\":{\"@type\":\"PropertyValueSpecification\",\"valueRequired\":true,\"valueName\":\"search_term_string\"}}],\"inLanguage\":\"it-IT\"}]}<\/script>\n<!-- \/ Yoast SEO plugin. -->","yoast_head_json":{"title":"Biotine the Mossi Anti-Hair Loss 2 Pack Zinco+Saw Palmetto","description":"La biotina di Mossi, sotto forma di capsule vitaminiche, aiuta a rafforzare i capelli e a prevenirne la caduta. 100% di origine naturale.","robots":{"index":"index","follow":"follow","max-snippet":"max-snippet:-1","max-image-preview":"max-image-preview:large","max-video-preview":"max-video-preview:-1"},"canonical":"https:\/\/growth-factor.fr\/it\/prodotto\/pack-2-boites-biotine-the-mossi\/","og_locale":"it_IT","og_type":"article","og_title":"Pack 2 Biotine the Mossi anti-chute de cheveux Zinc+Saw Palmetto","og_description":"La Biotine the Mossi, sous forme de g\u00e9lules vitaminiques, aide \u00e0 renforcer la chevelure et pr\u00e9venir la chute des cheveux. 100% d'origine naturelle.","og_url":"https:\/\/growth-factor.fr\/it\/prodotto\/pack-2-boites-biotine-the-mossi\/","og_site_name":"GrowthFactor","article_modified_time":"2026-02-19T20:30:32+00:00","og_image":[{"width":1200,"height":1200,"url":"https:\/\/growth-factor.fr\/wp-content\/uploads\/2024\/03\/biotine-the-mossi-pack-2-enrichie-palmier-zinc.webp","type":"image\/webp"}],"twitter_card":"summary_large_image","twitter_misc":{"Tempo di lettura stimato":"2 minuti"},"schema":{"@context":"https:\/\/schema.org","@graph":[{"@type":"WebPage","@id":"https:\/\/growth-factor.fr\/produit\/pack-2-boites-biotine-the-mossi","url":"https:\/\/growth-factor.fr\/produit\/pack-2-boites-biotine-the-mossi","name":"Biotine the Mossi Anti-Hair Loss 2 Pack Zinco+Saw Palmetto","isPartOf":{"@id":"https:\/\/growth-factor.fr\/#website"},"primaryImageOfPage":{"@id":"https:\/\/growth-factor.fr\/produit\/pack-2-boites-biotine-the-mossi#primaryimage"},"image":{"@id":"https:\/\/growth-factor.fr\/produit\/pack-2-boites-biotine-the-mossi#primaryimage"},"thumbnailUrl":"https:\/\/growth-factor.fr\/wp-content\/uploads\/2024\/03\/biotine-the-mossi-pack-2-enrichie-palmier-zinc.webp","datePublished":"2024-03-28T17:08:56+00:00","dateModified":"2026-02-19T20:30:32+00:00","description":"La biotina di Mossi, sotto forma di capsule vitaminiche, aiuta a rafforzare i capelli e a prevenirne la caduta. 100% di origine naturale.","breadcrumb":{"@id":"https:\/\/growth-factor.fr\/produit\/pack-2-boites-biotine-the-mossi#breadcrumb"},"inLanguage":"it-IT","potentialAction":[{"@type":"ReadAction","target":["https:\/\/growth-factor.fr\/produit\/pack-2-boites-biotine-the-mossi"]}]},{"@type":"ImageObject","inLanguage":"it-IT","@id":"https:\/\/growth-factor.fr\/produit\/pack-2-boites-biotine-the-mossi#primaryimage","url":"https:\/\/growth-factor.fr\/wp-content\/uploads\/2024\/03\/biotine-the-mossi-pack-2-enrichie-palmier-zinc.webp","contentUrl":"https:\/\/growth-factor.fr\/wp-content\/uploads\/2024\/03\/biotine-the-mossi-pack-2-enrichie-palmier-zinc.webp","width":1200,"height":1200},{"@type":"BreadcrumbList","@id":"https:\/\/growth-factor.fr\/produit\/pack-2-boites-biotine-the-mossi#breadcrumb","itemListElement":[{"@type":"ListItem","position":1,"name":"Accueil","item":"https:\/\/growth-factor.fr\/"},{"@type":"ListItem","position":2,"name":"Produits","item":"https:\/\/growth-factor.fr\/shop"},{"@type":"ListItem","position":3,"name":"Pack 2 boites Biotine The Mossi Zinc+Saw Palmetto"}]},{"@type":"WebSite","@id":"https:\/\/growth-factor.fr\/#website","url":"https:\/\/growth-factor.fr\/","name":"Fattore di crescita","description":"Trovate il fattore di crescita per i vostri capelli","potentialAction":[{"@type":"SearchAction","target":{"@type":"EntryPoint","urlTemplate":"https:\/\/growth-factor.fr\/?s={search_term_string}"},"query-input":{"@type":"PropertyValueSpecification","valueRequired":true,"valueName":"search_term_string"}}],"inLanguage":"it-IT"}]}},"_links":{"self":[{"href":"https:\/\/growth-factor.fr\/it\/wp-json\/wp\/v2\/product\/4596","targetHints":{"allow":["GET"]}}],"collection":[{"href":"https:\/\/growth-factor.fr\/it\/wp-json\/wp\/v2\/product"}],"about":[{"href":"https:\/\/growth-factor.fr\/it\/wp-json\/wp\/v2\/types\/product"}],"replies":[{"embeddable":true,"href":"https:\/\/growth-factor.fr\/it\/wp-json\/wp\/v2\/comments?post=4596"}],"version-history":[{"count":16,"href":"https:\/\/growth-factor.fr\/it\/wp-json\/wp\/v2\/product\/4596\/revisions"}],"predecessor-version":[{"id":5351,"href":"https:\/\/growth-factor.fr\/it\/wp-json\/wp\/v2\/product\/4596\/revisions\/5351"}],"wp:featuredmedia":[{"embeddable":true,"href":"https:\/\/growth-factor.fr\/it\/wp-json\/wp\/v2\/media\/5301"}],"wp:attachment":[{"href":"https:\/\/growth-factor.fr\/it\/wp-json\/wp\/v2\/media?parent=4596"}],"wp:term":[{"taxonomy":"product_brand","embeddable":true,"href":"https:\/\/growth-factor.fr\/it\/wp-json\/wp\/v2\/product_brand?post=4596"},{"taxonomy":"product_cat","embeddable":true,"href":"https:\/\/growth-factor.fr\/it\/wp-json\/wp\/v2\/product_cat?post=4596"},{"taxonomy":"product_tag","embeddable":true,"href":"https:\/\/growth-factor.fr\/it\/wp-json\/wp\/v2\/product_tag?post=4596"}],"curies":[{"name":"wp","href":"https:\/\/api.w.org\/{rel}","templated":true}]}}