{"id":1042,"date":"2021-01-14T16:58:25","date_gmt":"2021-01-14T16:58:25","guid":{"rendered":"http:\/\/facteurdecroissance.fr\/?post_type=product&#038;p=1042"},"modified":"2026-04-07T20:04:01","modified_gmt":"2026-04-07T20:04:01","slug":"coffret-4-fioles-serum-growthfactor","status":"publish","type":"product","link":"https:\/\/growth-factor.fr\/it\/prodotto\/coffret-4-fioles-serum-growthfactor","title":{"rendered":"Pacco 4 flaconcini di siero Growth Factor - crescita capillare"},"content":{"rendered":"<div data-elementor-type=\"product-post\" data-elementor-id=\"1042\" class=\"elementor elementor-1042\" data-elementor-post-type=\"product\">\n\t\t\t\t<div class=\"elementor-element elementor-element-de05d72 e-con-full e-flex e-con e-parent\" data-id=\"de05d72\" data-element_type=\"container\">\n\t\t<div class=\"elementor-element elementor-element-fe30d0e e-con-full e-flex elementor-invisible e-con e-child\" data-id=\"fe30d0e\" data-element_type=\"container\" data-settings=\"{&quot;animation&quot;:&quot;slideInLeft&quot;}\">\n\t\t\t\t<div class=\"elementor-element elementor-element-8a3b6bd premium-atext__switch elementor-widget elementor-widget-premium-addon-fancy-text\" data-id=\"8a3b6bd\" data-element_type=\"widget\" data-widget_type=\"premium-addon-fancy-text.default\">\n\t\t\t\t<div class=\"elementor-widget-container\">\n\t\t\t\t\t\t\t<div class=\"premium-atext__wrapper premium-atext__typing\" data-start-effect=\"page_load\" data-settings=\"{&quot;effect&quot;:&quot;typing&quot;,&quot;strings&quot;:[&quot;Les Caract\\u00e9ristiques&quot;],&quot;typeSpeed&quot;:30,&quot;backSpeed&quot;:30,&quot;startDelay&quot;:500,&quot;backDelay&quot;:30,&quot;showCursor&quot;:false,&quot;loop&quot;:false,&quot;loading&quot;:false,&quot;style&quot;:&quot;switch&quot;}\">\n\n\t\t\t<h3 class=\"premium-atext__headline\">\n\t\t\t\n\t\t\t\t\t\t<span class=\"premium-atext__text\"><\/span>\n\t\t\n\t\t\t\n\t\t\t\n\t\t\t<\/h3>\n\t\t<\/div>\n\t\t\t\t\t\t<\/div>\n\t\t\t\t<\/div>\n\t\t\t\t<div class=\"elementor-element elementor-element-fafbc54 premium-unfold-btn-inside elementor-widget elementor-widget-premium-unfold-addon\" data-id=\"fafbc54\" data-element_type=\"widget\" data-settings=\"{&quot;premium_unfold_button_fold_text&quot;:&quot;En lire plus&quot;,&quot;premium_unfold_button_unfold_text&quot;:&quot;En voir moins&quot;,&quot;premium_unfold_fold_height&quot;:50,&quot;premium_unfold_fold_height_tablet&quot;:33,&quot;premium_unfold_fold_height_mobile&quot;:31,&quot;premium_unfold_fold_height_select&quot;:&quot;percent&quot;,&quot;premium_unfold_fold_dur_select&quot;:&quot;fast&quot;,&quot;premium_unfold_fold_easing&quot;:&quot;swing&quot;,&quot;premium_unfold_unfold_dur_select&quot;:&quot;fast&quot;,&quot;premium_unfold_unfold_easing&quot;:&quot;swing&quot;}\" data-widget_type=\"premium-unfold-addon.default\">\n\t\t\t\t<div class=\"elementor-widget-container\">\n\t\t\t\t\t\n\t\t<div class='premium-unfold-container'>\n\t\t\t<div class='premium-unfold-folder'>\n\t\t\t\t\n\t\t\t\t<div id=\"premium-unfold-content-fafbc54\" class=\"premium-unfold-content toggled\">\n\t\t\t\t\t<div class=\"premium-unfold-content-wrap\">\n\t\t\t\t\t\t\t\t\t\t\t\t\t<p><\/p><\/div><\/div><\/div><\/div><\/div><\/div><\/div><\/div><\/div> <a href=\"https:\/\/growth-factor.fr\/it\/prodotto\/coffret-4-fioles-serum-growthfactor#more-1042\" class=\"more-link elementor-more-link\"><span aria-label=\"Continua a leggere Set di 4 fiale di siero GrowthFactor - crescita dei capelli\">(altro...)<\/span><\/a>","protected":false},"excerpt":{"rendered":"<p>Il siero GF \u00e8 specificamente studiato per contrastare la caduta dei capelli (ALOPECIA). Efficace sui capelli che perdono densit\u00e0 e per tutti coloro che sono alla ricerca di una <i>spinta<\/i> per il loro cuoio capelluto. Il siero \u00e8 un prezioso alleato per i capelli danneggiati da troppe manipolazioni.<\/p>\n<p style=\"text-align: center;\"><em>Consigliato per l'uso dopo il trapianto di capelli.<\/em><\/p>\n<p>&nbsp;<\/p>\n<p><b>Benefici<\/b><\/p>\n<ul>\n<li aria-level=\"1\">Aiuta a stabilizzare e a rallentare la caduta dei capelli (ALOPECIA)<\/li>\n<li aria-level=\"1\">Stimola la crescita dei capelli (ricrescita pi\u00f9 rapida)<\/li>\n<li aria-level=\"1\">Migliora la qualit\u00e0 dei capelli<\/li>\n<li aria-level=\"1\">Migliora i risultati dopo un trapianto capillare<\/li>\n<\/ul>\n<p>&nbsp;<\/p>\n<div class=\"col-md-9 col-sm-12 col-xs-12\">\n<div class=\"check1\">\n<p style=\"text-align: center;\"><strong>Formato<\/strong> 4x30ml<\/p>\n<\/div>\n<\/div>","protected":false},"featured_media":4734,"comment_status":"open","ping_status":"closed","template":"","meta":[],"product_brand":[],"product_cat":[38,35,19,21],"product_tag":[],"class_list":{"0":"post-1042","1":"product","2":"type-product","3":"status-publish","4":"has-post-thumbnail","6":"product_cat-coffrets","7":"product_cat-growth-factor","8":"product_cat-soins-cheveux","9":"product_cat-special-soin-post-greffe","11":"first","12":"instock","13":"sale","14":"shipping-taxable","15":"purchasable","16":"product-type-simple"},"yoast_head":"<!-- This site is optimized with the Yoast SEO plugin v26.6 - https:\/\/yoast.com\/wordpress\/plugins\/seo\/ -->\n<title>Coffret 4 fioles s\u00e9rum GrowthFactor - croissance capillaire<\/title>\n<meta name=\"description\" content=\"Le coffret 4 fioles s\u00e9rum growthfactor est sp\u00e9cifiquement con\u00e7u pour contrer la perte de cheveux. Recommand\u00e9 pour un usage post-greffe capillaire.\" \/>\n<meta name=\"robots\" content=\"index, follow, max-snippet:-1, max-image-preview:large, max-video-preview:-1\" \/>\n<link rel=\"canonical\" href=\"https:\/\/growth-factor.fr\/it\/prodotto\/coffret-4-fioles-serum-growthfactor\/\" \/>\n<meta property=\"og:locale\" content=\"it_IT\" \/>\n<meta property=\"og:type\" content=\"article\" \/>\n<meta property=\"og:title\" content=\"Coffret 4 fioles s\u00e9rum GrowthFactor - croissance capillaire\" \/>\n<meta property=\"og:description\" content=\"Le coffret 4 fioles s\u00e9rum growthfactor est sp\u00e9cifiquement con\u00e7u pour contrer la perte de cheveux. Recommand\u00e9 pour un usage post-greffe capillaire.\" \/>\n<meta property=\"og:url\" content=\"https:\/\/growth-factor.fr\/it\/prodotto\/coffret-4-fioles-serum-growthfactor\/\" \/>\n<meta property=\"og:site_name\" content=\"GrowthFactor\" \/>\n<meta property=\"article:modified_time\" content=\"2026-04-07T20:04:01+00:00\" \/>\n<meta property=\"og:image\" content=\"https:\/\/growth-factor.fr\/wp-content\/uploads\/2021\/01\/Coffret-de-4-serum-Growth-Factor-boost-pousse-de-cheveux.webp\" \/>\n\t<meta property=\"og:image:width\" content=\"1200\" \/>\n\t<meta property=\"og:image:height\" content=\"1200\" \/>\n\t<meta property=\"og:image:type\" content=\"image\/webp\" \/>\n<meta name=\"twitter:card\" content=\"summary_large_image\" \/>\n<meta name=\"twitter:label1\" content=\"Tempo di lettura stimato\" \/>\n\t<meta name=\"twitter:data1\" content=\"3 minuti\" \/>\n<script type=\"application\/ld+json\" class=\"yoast-schema-graph\">{\"@context\":\"https:\/\/schema.org\",\"@graph\":[{\"@type\":\"WebPage\",\"@id\":\"https:\/\/growth-factor.fr\/produit\/coffret-4-fioles-serum-growthfactor\",\"url\":\"https:\/\/growth-factor.fr\/produit\/coffret-4-fioles-serum-growthfactor\",\"name\":\"Coffret 4 fioles s\u00e9rum GrowthFactor - croissance capillaire\",\"isPartOf\":{\"@id\":\"https:\/\/growth-factor.fr\/#website\"},\"primaryImageOfPage\":{\"@id\":\"https:\/\/growth-factor.fr\/produit\/coffret-4-fioles-serum-growthfactor#primaryimage\"},\"image\":{\"@id\":\"https:\/\/growth-factor.fr\/produit\/coffret-4-fioles-serum-growthfactor#primaryimage\"},\"thumbnailUrl\":\"https:\/\/growth-factor.fr\/wp-content\/uploads\/2021\/01\/Coffret-de-4-serum-Growth-Factor-boost-pousse-de-cheveux.webp\",\"datePublished\":\"2021-01-14T16:58:25+00:00\",\"dateModified\":\"2026-04-07T20:04:01+00:00\",\"description\":\"Le coffret 4 fioles s\u00e9rum growthfactor est sp\u00e9cifiquement con\u00e7u pour contrer la perte de cheveux. Recommand\u00e9 pour un usage post-greffe capillaire.\",\"breadcrumb\":{\"@id\":\"https:\/\/growth-factor.fr\/produit\/coffret-4-fioles-serum-growthfactor#breadcrumb\"},\"inLanguage\":\"it-IT\",\"potentialAction\":[{\"@type\":\"ReadAction\",\"target\":[\"https:\/\/growth-factor.fr\/produit\/coffret-4-fioles-serum-growthfactor\"]}]},{\"@type\":\"ImageObject\",\"inLanguage\":\"it-IT\",\"@id\":\"https:\/\/growth-factor.fr\/produit\/coffret-4-fioles-serum-growthfactor#primaryimage\",\"url\":\"https:\/\/growth-factor.fr\/wp-content\/uploads\/2021\/01\/Coffret-de-4-serum-Growth-Factor-boost-pousse-de-cheveux.webp\",\"contentUrl\":\"https:\/\/growth-factor.fr\/wp-content\/uploads\/2021\/01\/Coffret-de-4-serum-Growth-Factor-boost-pousse-de-cheveux.webp\",\"width\":1200,\"height\":1200,\"caption\":\"Coffret de 4 s\u00e9rums Growth Factor boost pousse de cheveux\"},{\"@type\":\"BreadcrumbList\",\"@id\":\"https:\/\/growth-factor.fr\/produit\/coffret-4-fioles-serum-growthfactor#breadcrumb\",\"itemListElement\":[{\"@type\":\"ListItem\",\"position\":1,\"name\":\"Accueil\",\"item\":\"https:\/\/growth-factor.fr\/\"},{\"@type\":\"ListItem\",\"position\":2,\"name\":\"Produits\",\"item\":\"https:\/\/growth-factor.fr\/shop\"},{\"@type\":\"ListItem\",\"position\":3,\"name\":\"Coffret 4 fioles s\u00e9rum GrowthFactor &#8211; croissance capillaire\"}]},{\"@type\":\"WebSite\",\"@id\":\"https:\/\/growth-factor.fr\/#website\",\"url\":\"https:\/\/growth-factor.fr\/\",\"name\":\"GrowthFactor\",\"description\":\"Trouvez le facteur de croissance pour vos cheveux\",\"potentialAction\":[{\"@type\":\"SearchAction\",\"target\":{\"@type\":\"EntryPoint\",\"urlTemplate\":\"https:\/\/growth-factor.fr\/?s={search_term_string}\"},\"query-input\":{\"@type\":\"PropertyValueSpecification\",\"valueRequired\":true,\"valueName\":\"search_term_string\"}}],\"inLanguage\":\"it-IT\"}]}<\/script>\n<!-- \/ Yoast SEO plugin. -->","yoast_head_json":{"title":"Pacco 4 flaconcini di siero Growth Factor - crescita capillare","description":"Il set di sieri 4-vial growthfactor \u00e8 specificamente studiato per combattere la caduta dei capelli. Consigliato per l'uso dopo il trapianto di capelli.","robots":{"index":"index","follow":"follow","max-snippet":"max-snippet:-1","max-image-preview":"max-image-preview:large","max-video-preview":"max-video-preview:-1"},"canonical":"https:\/\/growth-factor.fr\/it\/prodotto\/coffret-4-fioles-serum-growthfactor\/","og_locale":"it_IT","og_type":"article","og_title":"Coffret 4 fioles s\u00e9rum GrowthFactor - croissance capillaire","og_description":"Le coffret 4 fioles s\u00e9rum growthfactor est sp\u00e9cifiquement con\u00e7u pour contrer la perte de cheveux. Recommand\u00e9 pour un usage post-greffe capillaire.","og_url":"https:\/\/growth-factor.fr\/it\/prodotto\/coffret-4-fioles-serum-growthfactor\/","og_site_name":"GrowthFactor","article_modified_time":"2026-04-07T20:04:01+00:00","og_image":[{"width":1200,"height":1200,"url":"https:\/\/growth-factor.fr\/wp-content\/uploads\/2021\/01\/Coffret-de-4-serum-Growth-Factor-boost-pousse-de-cheveux.webp","type":"image\/webp"}],"twitter_card":"summary_large_image","twitter_misc":{"Tempo di lettura stimato":"3 minuti"},"schema":{"@context":"https:\/\/schema.org","@graph":[{"@type":"WebPage","@id":"https:\/\/growth-factor.fr\/produit\/coffret-4-fioles-serum-growthfactor","url":"https:\/\/growth-factor.fr\/produit\/coffret-4-fioles-serum-growthfactor","name":"Pacco 4 flaconcini di siero Growth Factor - crescita capillare","isPartOf":{"@id":"https:\/\/growth-factor.fr\/#website"},"primaryImageOfPage":{"@id":"https:\/\/growth-factor.fr\/produit\/coffret-4-fioles-serum-growthfactor#primaryimage"},"image":{"@id":"https:\/\/growth-factor.fr\/produit\/coffret-4-fioles-serum-growthfactor#primaryimage"},"thumbnailUrl":"https:\/\/growth-factor.fr\/wp-content\/uploads\/2021\/01\/Coffret-de-4-serum-Growth-Factor-boost-pousse-de-cheveux.webp","datePublished":"2021-01-14T16:58:25+00:00","dateModified":"2026-04-07T20:04:01+00:00","description":"Il set di sieri 4-vial growthfactor \u00e8 specificamente studiato per combattere la caduta dei capelli. Consigliato per l'uso dopo il trapianto di capelli.","breadcrumb":{"@id":"https:\/\/growth-factor.fr\/produit\/coffret-4-fioles-serum-growthfactor#breadcrumb"},"inLanguage":"it-IT","potentialAction":[{"@type":"ReadAction","target":["https:\/\/growth-factor.fr\/produit\/coffret-4-fioles-serum-growthfactor"]}]},{"@type":"ImageObject","inLanguage":"it-IT","@id":"https:\/\/growth-factor.fr\/produit\/coffret-4-fioles-serum-growthfactor#primaryimage","url":"https:\/\/growth-factor.fr\/wp-content\/uploads\/2021\/01\/Coffret-de-4-serum-Growth-Factor-boost-pousse-de-cheveux.webp","contentUrl":"https:\/\/growth-factor.fr\/wp-content\/uploads\/2021\/01\/Coffret-de-4-serum-Growth-Factor-boost-pousse-de-cheveux.webp","width":1200,"height":1200,"caption":"Coffret de 4 s\u00e9rums Growth Factor boost pousse de cheveux"},{"@type":"BreadcrumbList","@id":"https:\/\/growth-factor.fr\/produit\/coffret-4-fioles-serum-growthfactor#breadcrumb","itemListElement":[{"@type":"ListItem","position":1,"name":"Accueil","item":"https:\/\/growth-factor.fr\/"},{"@type":"ListItem","position":2,"name":"Produits","item":"https:\/\/growth-factor.fr\/shop"},{"@type":"ListItem","position":3,"name":"Coffret 4 fioles s\u00e9rum GrowthFactor &#8211; croissance capillaire"}]},{"@type":"WebSite","@id":"https:\/\/growth-factor.fr\/#website","url":"https:\/\/growth-factor.fr\/","name":"Fattore di crescita","description":"Trovate il fattore di crescita per i vostri capelli","potentialAction":[{"@type":"SearchAction","target":{"@type":"EntryPoint","urlTemplate":"https:\/\/growth-factor.fr\/?s={search_term_string}"},"query-input":{"@type":"PropertyValueSpecification","valueRequired":true,"valueName":"search_term_string"}}],"inLanguage":"it-IT"}]}},"_links":{"self":[{"href":"https:\/\/growth-factor.fr\/it\/wp-json\/wp\/v2\/product\/1042","targetHints":{"allow":["GET"]}}],"collection":[{"href":"https:\/\/growth-factor.fr\/it\/wp-json\/wp\/v2\/product"}],"about":[{"href":"https:\/\/growth-factor.fr\/it\/wp-json\/wp\/v2\/types\/product"}],"replies":[{"embeddable":true,"href":"https:\/\/growth-factor.fr\/it\/wp-json\/wp\/v2\/comments?post=1042"}],"version-history":[{"count":29,"href":"https:\/\/growth-factor.fr\/it\/wp-json\/wp\/v2\/product\/1042\/revisions"}],"predecessor-version":[{"id":4735,"href":"https:\/\/growth-factor.fr\/it\/wp-json\/wp\/v2\/product\/1042\/revisions\/4735"}],"wp:featuredmedia":[{"embeddable":true,"href":"https:\/\/growth-factor.fr\/it\/wp-json\/wp\/v2\/media\/4734"}],"wp:attachment":[{"href":"https:\/\/growth-factor.fr\/it\/wp-json\/wp\/v2\/media?parent=1042"}],"wp:term":[{"taxonomy":"product_brand","embeddable":true,"href":"https:\/\/growth-factor.fr\/it\/wp-json\/wp\/v2\/product_brand?post=1042"},{"taxonomy":"product_cat","embeddable":true,"href":"https:\/\/growth-factor.fr\/it\/wp-json\/wp\/v2\/product_cat?post=1042"},{"taxonomy":"product_tag","embeddable":true,"href":"https:\/\/growth-factor.fr\/it\/wp-json\/wp\/v2\/product_tag?post=1042"}],"curies":[{"name":"wp","href":"https:\/\/api.w.org\/{rel}","templated":true}]}}