{"id":1017,"date":"2021-01-14T13:41:53","date_gmt":"2021-01-14T13:41:53","guid":{"rendered":"http:\/\/facteurdecroissance.fr\/?post_type=product&#038;p=1017"},"modified":"2026-04-18T08:24:31","modified_gmt":"2026-04-18T08:24:31","slug":"serum-growthfactor","status":"publish","type":"product","link":"https:\/\/growth-factor.fr\/it\/prodotto\/serum-growthfactor","title":{"rendered":"Siero GrowthFactor - Siero di crescita capillare"},"content":{"rendered":"<div data-elementor-type=\"product-post\" data-elementor-id=\"1017\" class=\"elementor elementor-1017\" data-elementor-post-type=\"product\">\n\t\t\t\t\t\t<section class=\"elementor-section elementor-top-section elementor-element elementor-element-43a8eb elementor-section-full_width elementor-section-height-default elementor-section-height-default\" data-id=\"43a8eb\" data-element_type=\"section\">\n\t\t\t\t\t\t<div class=\"elementor-container elementor-column-gap-no\">\n\t\t\t\t\t<div class=\"elementor-column elementor-col-50 elementor-top-column elementor-element elementor-element-63ea5885 elementor-invisible\" data-id=\"63ea5885\" data-element_type=\"column\" data-settings=\"{&quot;animation&quot;:&quot;slideInLeft&quot;}\">\n\t\t\t<div class=\"elementor-widget-wrap elementor-element-populated\">\n\t\t\t\t\t\t<div class=\"elementor-element elementor-element-1213a0ef premium-atext__switch elementor-widget elementor-widget-premium-addon-fancy-text\" data-id=\"1213a0ef\" data-element_type=\"widget\" data-widget_type=\"premium-addon-fancy-text.default\">\n\t\t\t\t<div class=\"elementor-widget-container\">\n\t\t\t\t\t\t\t<div class=\"premium-atext__wrapper premium-atext__typing\" data-start-effect=\"page_load\" data-settings=\"{&quot;effect&quot;:&quot;typing&quot;,&quot;strings&quot;:[&quot;Les Caract\\u00e9ristiques&quot;],&quot;typeSpeed&quot;:30,&quot;backSpeed&quot;:30,&quot;startDelay&quot;:500,&quot;backDelay&quot;:30,&quot;showCursor&quot;:false,&quot;loop&quot;:false,&quot;loading&quot;:false,&quot;style&quot;:&quot;switch&quot;}\">\n\n\t\t\t<h3 class=\"premium-atext__headline\">\n\t\t\t\n\t\t\t\t\t\t<span class=\"premium-atext__text\"><\/span>\n\t\t\n\t\t\t\n\t\t\t\n\t\t\t<\/h3>\n\t\t<\/div>\n\t\t\t\t\t\t<\/div>\n\t\t\t\t<\/div>\n\t\t\t\t<div class=\"elementor-element elementor-element-436472f9 premium-unfold-btn-inside elementor-widget elementor-widget-premium-unfold-addon\" data-id=\"436472f9\" data-element_type=\"widget\" data-settings=\"{&quot;premium_unfold_button_fold_text&quot;:&quot;En lire plus&quot;,&quot;premium_unfold_button_unfold_text&quot;:&quot;En voir moins&quot;,&quot;premium_unfold_fold_height&quot;:50,&quot;premium_unfold_fold_height_tablet&quot;:33,&quot;premium_unfold_fold_height_mobile&quot;:31,&quot;premium_unfold_fold_height_select&quot;:&quot;percent&quot;,&quot;premium_unfold_fold_dur_select&quot;:&quot;fast&quot;,&quot;premium_unfold_fold_easing&quot;:&quot;swing&quot;,&quot;premium_unfold_unfold_dur_select&quot;:&quot;fast&quot;,&quot;premium_unfold_unfold_easing&quot;:&quot;swing&quot;}\" data-widget_type=\"premium-unfold-addon.default\">\n\t\t\t\t<div class=\"elementor-widget-container\">\n\t\t\t\t\t\n\t\t<div class='premium-unfold-container'>\n\t\t\t<div class='premium-unfold-folder'>\n\t\t\t\t\n\t\t\t\t<div id=\"premium-unfold-content-436472f9\" class=\"premium-unfold-content toggled\">\n\t\t\t\t\t<div class=\"premium-unfold-content-wrap\">\n\t\t\t\t\t\t\t\t\t\t\t\t\t<p><\/p><\/div><\/div><\/div><\/div><\/div><\/div><\/div><\/div><\/div><\/section><\/div> <a href=\"https:\/\/growth-factor.fr\/it\/prodotto\/serum-growthfactor#more-1017\" class=\"more-link elementor-more-link\"><span aria-label=\"Continua a leggere GrowthFactor Serum - Siero per la crescita dei capelli\">(altro...)<\/span><\/a>","protected":false},"excerpt":{"rendered":"<p>Il siero GF \u00e8 specificamente studiato per contrastare la caduta dei capelli (ALOPECIA). Efficace sui capelli che perdono densit\u00e0 e per tutti coloro che sono alla ricerca di una <i>spinta<\/i> per il loro cuoio capelluto. Il siero \u00e8 un prezioso alleato per i capelli danneggiati da troppe manipolazioni.<\/p>\n<p style=\"text-align: center;\"><em>Consigliato per l'uso dopo il trapianto di capelli.<\/em><\/p>\n<p><b>Benefici<\/b><\/p>\n<ul>\n<li aria-level=\"1\">Aiuta a stabilizzare e a rallentare la caduta dei capelli (ALOPECIA)<\/li>\n<li aria-level=\"1\">Stimola la crescita dei capelli (ricrescita pi\u00f9 rapida)<\/li>\n<li aria-level=\"1\">Migliora la qualit\u00e0 dei capelli<\/li>\n<li aria-level=\"1\">Migliora i risultati dopo un trapianto capillare<\/li>\n<\/ul>\n<p style=\"text-align: center;\"><b>Formato<\/b> Una fiala contiene 30 ml<\/p>","protected":false},"featured_media":3989,"comment_status":"open","ping_status":"closed","template":"","meta":[],"product_brand":[],"product_cat":[35,19,21],"product_tag":[],"class_list":{"0":"post-1017","1":"product","2":"type-product","3":"status-publish","4":"has-post-thumbnail","6":"product_cat-growth-factor","7":"product_cat-soins-cheveux","8":"product_cat-special-soin-post-greffe","10":"first","11":"instock","12":"shipping-taxable","13":"purchasable","14":"product-type-simple"},"yoast_head":"<!-- This site is optimized with the Yoast SEO plugin v26.6 - https:\/\/yoast.com\/wordpress\/plugins\/seo\/ -->\n<title>S\u00e9rum GrowthFactor - s\u00e9rum de croissance capillaire<\/title>\n<meta name=\"description\" content=\"Le s\u00e9rum growthfactor est sp\u00e9cifiquement con\u00e7u pour contrer la perte de cheveux (ALOPECIA). Recommand\u00e9 pour un usage post-greffe capillaire\" \/>\n<meta name=\"robots\" content=\"index, follow, max-snippet:-1, max-image-preview:large, max-video-preview:-1\" \/>\n<link rel=\"canonical\" href=\"https:\/\/growth-factor.fr\/it\/prodotto\/serum-growthfactor\/\" \/>\n<meta property=\"og:locale\" content=\"it_IT\" \/>\n<meta property=\"og:type\" content=\"article\" \/>\n<meta property=\"og:title\" content=\"S\u00e9rum GrowthFactor - s\u00e9rum de croissance capillaire\" \/>\n<meta property=\"og:description\" content=\"Le s\u00e9rum growthfactor est sp\u00e9cifiquement con\u00e7u pour contrer la perte de cheveux (ALOPECIA). Recommand\u00e9 pour un usage post-greffe capillaire\" \/>\n<meta property=\"og:url\" content=\"https:\/\/growth-factor.fr\/it\/prodotto\/serum-growthfactor\/\" \/>\n<meta property=\"og:site_name\" content=\"GrowthFactor\" \/>\n<meta property=\"article:modified_time\" content=\"2026-04-18T08:24:31+00:00\" \/>\n<meta property=\"og:image\" content=\"https:\/\/growth-factor.fr\/wp-content\/uploads\/2021\/01\/gf-hair-serum-v1-1.webp\" \/>\n\t<meta property=\"og:image:width\" content=\"1080\" \/>\n\t<meta property=\"og:image:height\" content=\"1081\" \/>\n\t<meta property=\"og:image:type\" content=\"image\/webp\" \/>\n<meta name=\"twitter:card\" content=\"summary_large_image\" \/>\n<meta name=\"twitter:label1\" content=\"Tempo di lettura stimato\" \/>\n\t<meta name=\"twitter:data1\" content=\"3 minuti\" \/>\n<script type=\"application\/ld+json\" class=\"yoast-schema-graph\">{\"@context\":\"https:\/\/schema.org\",\"@graph\":[{\"@type\":\"WebPage\",\"@id\":\"https:\/\/growth-factor.fr\/produit\/serum-growthfactor\",\"url\":\"https:\/\/growth-factor.fr\/produit\/serum-growthfactor\",\"name\":\"S\u00e9rum GrowthFactor - s\u00e9rum de croissance capillaire\",\"isPartOf\":{\"@id\":\"https:\/\/growth-factor.fr\/#website\"},\"primaryImageOfPage\":{\"@id\":\"https:\/\/growth-factor.fr\/produit\/serum-growthfactor#primaryimage\"},\"image\":{\"@id\":\"https:\/\/growth-factor.fr\/produit\/serum-growthfactor#primaryimage\"},\"thumbnailUrl\":\"https:\/\/growth-factor.fr\/wp-content\/uploads\/2021\/01\/gf-hair-serum-v1-1.webp\",\"datePublished\":\"2021-01-14T13:41:53+00:00\",\"dateModified\":\"2026-04-18T08:24:31+00:00\",\"description\":\"Le s\u00e9rum growthfactor est sp\u00e9cifiquement con\u00e7u pour contrer la perte de cheveux (ALOPECIA). Recommand\u00e9 pour un usage post-greffe capillaire\",\"breadcrumb\":{\"@id\":\"https:\/\/growth-factor.fr\/produit\/serum-growthfactor#breadcrumb\"},\"inLanguage\":\"it-IT\",\"potentialAction\":[{\"@type\":\"ReadAction\",\"target\":[\"https:\/\/growth-factor.fr\/produit\/serum-growthfactor\"]}]},{\"@type\":\"ImageObject\",\"inLanguage\":\"it-IT\",\"@id\":\"https:\/\/growth-factor.fr\/produit\/serum-growthfactor#primaryimage\",\"url\":\"https:\/\/growth-factor.fr\/wp-content\/uploads\/2021\/01\/gf-hair-serum-v1-1.webp\",\"contentUrl\":\"https:\/\/growth-factor.fr\/wp-content\/uploads\/2021\/01\/gf-hair-serum-v1-1.webp\",\"width\":1080,\"height\":1081,\"caption\":\"lotion growt-factor de replexion pour la croissance des cheveux\"},{\"@type\":\"BreadcrumbList\",\"@id\":\"https:\/\/growth-factor.fr\/produit\/serum-growthfactor#breadcrumb\",\"itemListElement\":[{\"@type\":\"ListItem\",\"position\":1,\"name\":\"Accueil\",\"item\":\"https:\/\/growth-factor.fr\/\"},{\"@type\":\"ListItem\",\"position\":2,\"name\":\"Produits\",\"item\":\"https:\/\/growth-factor.fr\/shop\"},{\"@type\":\"ListItem\",\"position\":3,\"name\":\"S\u00e9rum GrowthFactor &#8211; s\u00e9rum de croissance capillaire\"}]},{\"@type\":\"WebSite\",\"@id\":\"https:\/\/growth-factor.fr\/#website\",\"url\":\"https:\/\/growth-factor.fr\/\",\"name\":\"GrowthFactor\",\"description\":\"Trouvez le facteur de croissance pour vos cheveux\",\"potentialAction\":[{\"@type\":\"SearchAction\",\"target\":{\"@type\":\"EntryPoint\",\"urlTemplate\":\"https:\/\/growth-factor.fr\/?s={search_term_string}\"},\"query-input\":{\"@type\":\"PropertyValueSpecification\",\"valueRequired\":true,\"valueName\":\"search_term_string\"}}],\"inLanguage\":\"it-IT\"}]}<\/script>\n<!-- \/ Yoast SEO plugin. -->","yoast_head_json":{"title":"Siero GrowthFactor - Siero di crescita capillare","description":"Il siero growthfactor \u00e8 specificamente studiato per contrastare la caduta dei capelli (ALOPECIA). Consigliato per l'uso dopo il trapianto di capelli","robots":{"index":"index","follow":"follow","max-snippet":"max-snippet:-1","max-image-preview":"max-image-preview:large","max-video-preview":"max-video-preview:-1"},"canonical":"https:\/\/growth-factor.fr\/it\/prodotto\/serum-growthfactor\/","og_locale":"it_IT","og_type":"article","og_title":"S\u00e9rum GrowthFactor - s\u00e9rum de croissance capillaire","og_description":"Le s\u00e9rum growthfactor est sp\u00e9cifiquement con\u00e7u pour contrer la perte de cheveux (ALOPECIA). Recommand\u00e9 pour un usage post-greffe capillaire","og_url":"https:\/\/growth-factor.fr\/it\/prodotto\/serum-growthfactor\/","og_site_name":"GrowthFactor","article_modified_time":"2026-04-18T08:24:31+00:00","og_image":[{"width":1080,"height":1081,"url":"https:\/\/growth-factor.fr\/wp-content\/uploads\/2021\/01\/gf-hair-serum-v1-1.webp","type":"image\/webp"}],"twitter_card":"summary_large_image","twitter_misc":{"Tempo di lettura stimato":"3 minuti"},"schema":{"@context":"https:\/\/schema.org","@graph":[{"@type":"WebPage","@id":"https:\/\/growth-factor.fr\/produit\/serum-growthfactor","url":"https:\/\/growth-factor.fr\/produit\/serum-growthfactor","name":"Siero GrowthFactor - Siero di crescita capillare","isPartOf":{"@id":"https:\/\/growth-factor.fr\/#website"},"primaryImageOfPage":{"@id":"https:\/\/growth-factor.fr\/produit\/serum-growthfactor#primaryimage"},"image":{"@id":"https:\/\/growth-factor.fr\/produit\/serum-growthfactor#primaryimage"},"thumbnailUrl":"https:\/\/growth-factor.fr\/wp-content\/uploads\/2021\/01\/gf-hair-serum-v1-1.webp","datePublished":"2021-01-14T13:41:53+00:00","dateModified":"2026-04-18T08:24:31+00:00","description":"Il siero growthfactor \u00e8 specificamente studiato per contrastare la caduta dei capelli (ALOPECIA). Consigliato per l'uso dopo il trapianto di capelli","breadcrumb":{"@id":"https:\/\/growth-factor.fr\/produit\/serum-growthfactor#breadcrumb"},"inLanguage":"it-IT","potentialAction":[{"@type":"ReadAction","target":["https:\/\/growth-factor.fr\/produit\/serum-growthfactor"]}]},{"@type":"ImageObject","inLanguage":"it-IT","@id":"https:\/\/growth-factor.fr\/produit\/serum-growthfactor#primaryimage","url":"https:\/\/growth-factor.fr\/wp-content\/uploads\/2021\/01\/gf-hair-serum-v1-1.webp","contentUrl":"https:\/\/growth-factor.fr\/wp-content\/uploads\/2021\/01\/gf-hair-serum-v1-1.webp","width":1080,"height":1081,"caption":"lotion growt-factor de replexion pour la croissance des cheveux"},{"@type":"BreadcrumbList","@id":"https:\/\/growth-factor.fr\/produit\/serum-growthfactor#breadcrumb","itemListElement":[{"@type":"ListItem","position":1,"name":"Accueil","item":"https:\/\/growth-factor.fr\/"},{"@type":"ListItem","position":2,"name":"Produits","item":"https:\/\/growth-factor.fr\/shop"},{"@type":"ListItem","position":3,"name":"S\u00e9rum GrowthFactor &#8211; s\u00e9rum de croissance capillaire"}]},{"@type":"WebSite","@id":"https:\/\/growth-factor.fr\/#website","url":"https:\/\/growth-factor.fr\/","name":"Fattore di crescita","description":"Trovate il fattore di crescita per i vostri capelli","potentialAction":[{"@type":"SearchAction","target":{"@type":"EntryPoint","urlTemplate":"https:\/\/growth-factor.fr\/?s={search_term_string}"},"query-input":{"@type":"PropertyValueSpecification","valueRequired":true,"valueName":"search_term_string"}}],"inLanguage":"it-IT"}]}},"_links":{"self":[{"href":"https:\/\/growth-factor.fr\/it\/wp-json\/wp\/v2\/product\/1017","targetHints":{"allow":["GET"]}}],"collection":[{"href":"https:\/\/growth-factor.fr\/it\/wp-json\/wp\/v2\/product"}],"about":[{"href":"https:\/\/growth-factor.fr\/it\/wp-json\/wp\/v2\/types\/product"}],"replies":[{"embeddable":true,"href":"https:\/\/growth-factor.fr\/it\/wp-json\/wp\/v2\/comments?post=1017"}],"version-history":[{"count":47,"href":"https:\/\/growth-factor.fr\/it\/wp-json\/wp\/v2\/product\/1017\/revisions"}],"predecessor-version":[{"id":4075,"href":"https:\/\/growth-factor.fr\/it\/wp-json\/wp\/v2\/product\/1017\/revisions\/4075"}],"wp:featuredmedia":[{"embeddable":true,"href":"https:\/\/growth-factor.fr\/it\/wp-json\/wp\/v2\/media\/3989"}],"wp:attachment":[{"href":"https:\/\/growth-factor.fr\/it\/wp-json\/wp\/v2\/media?parent=1017"}],"wp:term":[{"taxonomy":"product_brand","embeddable":true,"href":"https:\/\/growth-factor.fr\/it\/wp-json\/wp\/v2\/product_brand?post=1017"},{"taxonomy":"product_cat","embeddable":true,"href":"https:\/\/growth-factor.fr\/it\/wp-json\/wp\/v2\/product_cat?post=1017"},{"taxonomy":"product_tag","embeddable":true,"href":"https:\/\/growth-factor.fr\/it\/wp-json\/wp\/v2\/product_tag?post=1017"}],"curies":[{"name":"wp","href":"https:\/\/api.w.org\/{rel}","templated":true}]}}