{"id":4569,"date":"2024-04-03T13:05:05","date_gmt":"2024-04-03T13:05:05","guid":{"rendered":"https:\/\/growth-factor.fr\/?post_type=product&#038;p=4569"},"modified":"2026-04-07T20:02:50","modified_gmt":"2026-04-07T20:02:50","slug":"the-mossi-london-pack-6-mois","status":"publish","type":"product","link":"https:\/\/growth-factor.fr\/en\/product\/the-mossi-london-pack-6-mois","title":{"rendered":"The Mossi 6 months pack for post transplant hair growth"},"content":{"rendered":"<div data-elementor-type=\"product-post\" data-elementor-id=\"4569\" class=\"elementor elementor-4569\" data-elementor-post-type=\"product\">\n\t\t\t\t<div class=\"elementor-element elementor-element-22716f3b e-con-full e-flex e-con e-parent\" data-id=\"22716f3b\" data-element_type=\"container\">\n\t\t<div class=\"elementor-element elementor-element-5fce10cb e-con-full e-flex elementor-invisible e-con e-child\" data-id=\"5fce10cb\" data-element_type=\"container\" data-settings=\"{&quot;animation&quot;:&quot;slideInLeft&quot;}\">\n\t\t\t\t<div class=\"elementor-element elementor-element-1c65d585 premium-atext__switch elementor-widget elementor-widget-premium-addon-fancy-text\" data-id=\"1c65d585\" data-element_type=\"widget\" data-widget_type=\"premium-addon-fancy-text.default\">\n\t\t\t\t<div class=\"elementor-widget-container\">\n\t\t\t\t\t\t\t<div class=\"premium-atext__wrapper premium-atext__typing\" data-start-effect=\"page_load\" data-settings=\"{&quot;effect&quot;:&quot;typing&quot;,&quot;strings&quot;:[&quot;Les Caract\\u00e9ristiques&quot;],&quot;typeSpeed&quot;:30,&quot;backSpeed&quot;:30,&quot;startDelay&quot;:500,&quot;backDelay&quot;:30,&quot;showCursor&quot;:false,&quot;loop&quot;:false,&quot;loading&quot;:false,&quot;style&quot;:&quot;switch&quot;}\">\n\n\t\t\t<h3 class=\"premium-atext__headline\">\n\t\t\t\n\t\t\t\t\t\t<span class=\"premium-atext__text\"><\/span>\n\t\t\n\t\t\t\n\t\t\t\n\t\t\t<\/h3>\n\t\t<\/div>\n\t\t\t\t\t\t<\/div>\n\t\t\t\t<\/div>\n\t\t\t\t<div class=\"elementor-element elementor-element-4e4bd210 premium-unfold-btn-inside elementor-widget elementor-widget-premium-unfold-addon\" data-id=\"4e4bd210\" data-element_type=\"widget\" data-settings=\"{&quot;premium_unfold_button_fold_text&quot;:&quot;En lire plus&quot;,&quot;premium_unfold_button_unfold_text&quot;:&quot;En voir moins&quot;,&quot;premium_unfold_fold_height&quot;:50,&quot;premium_unfold_fold_height_tablet&quot;:33,&quot;premium_unfold_fold_height_mobile&quot;:31,&quot;premium_unfold_fold_height_select&quot;:&quot;percent&quot;,&quot;premium_unfold_fold_dur_select&quot;:&quot;fast&quot;,&quot;premium_unfold_fold_easing&quot;:&quot;swing&quot;,&quot;premium_unfold_unfold_dur_select&quot;:&quot;fast&quot;,&quot;premium_unfold_unfold_easing&quot;:&quot;swing&quot;}\" data-widget_type=\"premium-unfold-addon.default\">\n\t\t\t\t<div class=\"elementor-widget-container\">\n\t\t\t\t\t\n\t\t<div class='premium-unfold-container'>\n\t\t\t<div class='premium-unfold-folder'>\n\t\t\t\t\n\t\t\t\t<div id=\"premium-unfold-content-4e4bd210\" class=\"premium-unfold-content toggled\">\n\t\t\t\t\t<div class=\"premium-unfold-content-wrap\">\n\t\t\t\t\t\t\t\t\t\t\t\t\t<p><\/p><\/div><\/div><\/div><\/div><\/div><\/div><\/div><\/div><\/div> <a href=\"https:\/\/growth-factor.fr\/en\/product\/the-mossi-london-pack-6-mois#more-4569\" class=\"more-link elementor-more-link\"><span aria-label=\"Continue reading Pack 6 mois The Mossi  sp\u00e9cial croissance des cheveux post greffe\">(more&hellip;)<\/span><\/a>","protected":false},"excerpt":{"rendered":"<p>&nbsp;<\/p>\n<p>Discover our The Mossi skincare range. <em><strong>Its new-generation formula is specially designed to combat hair loss, promote hair growth and fight impurities on the scalp!<\/strong> <\/em>Enriched with a powerful ingredient: Procapil, the treatments target hair follicles from the very first application, stimulating growth and improving overall hair health. <span class=\"break-words\"><span dir=\"ltr\">The Mossi 6-month care kit is specially designed for post-hair transplant treatment.<\/span><\/span><\/p>\n<p>&nbsp;<\/p>\n<p><strong>2-in-1 kit<\/strong><\/p>\n<ul>\n<li>Post-hair transplant repair care<\/li>\n<li>Promotes new hair growth and slows hair loss<\/li>\n<\/ul>\n<p>The Mossi Purifying Care shampoo formula is based on natural ingredients with beneficial properties for hair growth, dermatologically tested and approved by the FDA.<\/p>\n<p><strong>Contains :<\/strong><\/p>\n<p>Anti-Hair Loss Shampoo \/ 200 ml x 4, Ozone O3 Repair Oil \/ 50 ml x 2, Ozone O3 Repair Serum \/ 50 ml x 1, Hair Vitamins \/ 120 tablets x 3, ProHair Serum Bottle \/ 10 ml x 6, Dermaroller x 1<\/p>","protected":false},"featured_media":4572,"comment_status":"open","ping_status":"closed","template":"","meta":[],"product_brand":[],"product_cat":[38,37,20,36,19,21,34],"product_tag":[],"class_list":{"0":"post-4569","1":"product","2":"type-product","3":"status-publish","4":"has-post-thumbnail","6":"product_cat-coffrets","7":"product_cat-huile-ozonee","8":"product_cat-nutrition","9":"product_cat-shampoings","10":"product_cat-soins-cheveux","11":"product_cat-special-soin-post-greffe","12":"product_cat-the-mossi","14":"first","15":"instock","16":"sale","17":"shipping-taxable","18":"purchasable","19":"product-type-simple"},"yoast_head":"<!-- This site is optimized with the Yoast SEO plugin v26.6 - https:\/\/yoast.com\/wordpress\/plugins\/seo\/ -->\n<title>The Mossi london pack 6 mois sp\u00e9cial croissance cheveux ! \ud83d\udc86\u200d\u2642\ufe0f<\/title>\n<meta name=\"description\" content=\"D\u00e9couvrez notre pack 6 mois the Mossi et sa formule de nouvelle g\u00e9n\u00e9ration 2024 ! Anti-chute de cheveux, the Mossi booste aussi la croissance des cheveux!\" \/>\n<meta name=\"robots\" content=\"index, follow, max-snippet:-1, max-image-preview:large, max-video-preview:-1\" \/>\n<link rel=\"canonical\" href=\"https:\/\/growth-factor.fr\/en\/product\/the-mossi-london-pack-6-mois\/\" \/>\n<meta property=\"og:locale\" content=\"en_GB\" \/>\n<meta property=\"og:type\" content=\"article\" \/>\n<meta property=\"og:title\" content=\"The Mossi london pack 6 mois sp\u00e9cial croissance cheveux ! \ud83d\udc86\u200d\u2642\ufe0f\" \/>\n<meta property=\"og:description\" content=\"D\u00e9couvrez notre pack 6 mois the Mossi et sa formule de nouvelle g\u00e9n\u00e9ration 2024 ! Anti-chute de cheveux, the Mossi booste aussi la croissance des cheveux!\" \/>\n<meta property=\"og:url\" content=\"https:\/\/growth-factor.fr\/en\/product\/the-mossi-london-pack-6-mois\/\" \/>\n<meta property=\"og:site_name\" content=\"GrowthFactor\" \/>\n<meta property=\"article:modified_time\" content=\"2026-04-07T20:02:50+00:00\" \/>\n<meta property=\"og:image\" content=\"https:\/\/growth-factor.fr\/wp-content\/uploads\/2024\/03\/Pack-6-mois-the-Mossi-soin-croissance-cheveux.webp\" \/>\n\t<meta property=\"og:image:width\" content=\"1200\" \/>\n\t<meta property=\"og:image:height\" content=\"1200\" \/>\n\t<meta property=\"og:image:type\" content=\"image\/webp\" \/>\n<meta name=\"twitter:card\" content=\"summary_large_image\" \/>\n<meta name=\"twitter:label1\" content=\"Estimated reading time\" \/>\n\t<meta name=\"twitter:data1\" content=\"4 minutes\" \/>\n<script type=\"application\/ld+json\" class=\"yoast-schema-graph\">{\"@context\":\"https:\/\/schema.org\",\"@graph\":[{\"@type\":\"WebPage\",\"@id\":\"https:\/\/growth-factor.fr\/produit\/the-mossi-london-pack-6-mois\",\"url\":\"https:\/\/growth-factor.fr\/produit\/the-mossi-london-pack-6-mois\",\"name\":\"The Mossi london pack 6 mois sp\u00e9cial croissance cheveux ! \ud83d\udc86\u200d\u2642\ufe0f\",\"isPartOf\":{\"@id\":\"https:\/\/growth-factor.fr\/#website\"},\"primaryImageOfPage\":{\"@id\":\"https:\/\/growth-factor.fr\/produit\/the-mossi-london-pack-6-mois#primaryimage\"},\"image\":{\"@id\":\"https:\/\/growth-factor.fr\/produit\/the-mossi-london-pack-6-mois#primaryimage\"},\"thumbnailUrl\":\"https:\/\/growth-factor.fr\/wp-content\/uploads\/2024\/03\/Pack-6-mois-the-Mossi-soin-croissance-cheveux.webp\",\"datePublished\":\"2024-04-03T13:05:05+00:00\",\"dateModified\":\"2026-04-07T20:02:50+00:00\",\"description\":\"D\u00e9couvrez notre pack 6 mois the Mossi et sa formule de nouvelle g\u00e9n\u00e9ration 2024 ! Anti-chute de cheveux, the Mossi booste aussi la croissance des cheveux!\",\"breadcrumb\":{\"@id\":\"https:\/\/growth-factor.fr\/produit\/the-mossi-london-pack-6-mois#breadcrumb\"},\"inLanguage\":\"en-GB\",\"potentialAction\":[{\"@type\":\"ReadAction\",\"target\":[\"https:\/\/growth-factor.fr\/produit\/the-mossi-london-pack-6-mois\"]}]},{\"@type\":\"ImageObject\",\"inLanguage\":\"en-GB\",\"@id\":\"https:\/\/growth-factor.fr\/produit\/the-mossi-london-pack-6-mois#primaryimage\",\"url\":\"https:\/\/growth-factor.fr\/wp-content\/uploads\/2024\/03\/Pack-6-mois-the-Mossi-soin-croissance-cheveux.webp\",\"contentUrl\":\"https:\/\/growth-factor.fr\/wp-content\/uploads\/2024\/03\/Pack-6-mois-the-Mossi-soin-croissance-cheveux.webp\",\"width\":1200,\"height\":1200,\"caption\":\"Pack 6 mois the Mossi soin croissance cheveux\"},{\"@type\":\"BreadcrumbList\",\"@id\":\"https:\/\/growth-factor.fr\/produit\/the-mossi-london-pack-6-mois#breadcrumb\",\"itemListElement\":[{\"@type\":\"ListItem\",\"position\":1,\"name\":\"Accueil\",\"item\":\"https:\/\/growth-factor.fr\/\"},{\"@type\":\"ListItem\",\"position\":2,\"name\":\"Produits\",\"item\":\"https:\/\/growth-factor.fr\/shop\"},{\"@type\":\"ListItem\",\"position\":3,\"name\":\"Pack 6 mois The Mossi sp\u00e9cial croissance des cheveux post greffe\"}]},{\"@type\":\"WebSite\",\"@id\":\"https:\/\/growth-factor.fr\/#website\",\"url\":\"https:\/\/growth-factor.fr\/\",\"name\":\"GrowthFactor\",\"description\":\"Trouvez le facteur de croissance pour vos cheveux\",\"potentialAction\":[{\"@type\":\"SearchAction\",\"target\":{\"@type\":\"EntryPoint\",\"urlTemplate\":\"https:\/\/growth-factor.fr\/?s={search_term_string}\"},\"query-input\":{\"@type\":\"PropertyValueSpecification\",\"valueRequired\":true,\"valueName\":\"search_term_string\"}}],\"inLanguage\":\"en-GB\"}]}<\/script>\n<!-- \/ Yoast SEO plugin. -->","yoast_head_json":{"title":"The Mossi london 6-month hair growth pack! \ud83d\udc86\u200d\u2642\ufe0f","description":"Discover our 6-month pack the Mossi and its new generation 2024 formula! Anti-hair loss, the Mossi also boosts hair growth!","robots":{"index":"index","follow":"follow","max-snippet":"max-snippet:-1","max-image-preview":"max-image-preview:large","max-video-preview":"max-video-preview:-1"},"canonical":"https:\/\/growth-factor.fr\/en\/product\/the-mossi-london-pack-6-mois\/","og_locale":"en_GB","og_type":"article","og_title":"The Mossi london pack 6 mois sp\u00e9cial croissance cheveux ! \ud83d\udc86\u200d\u2642\ufe0f","og_description":"D\u00e9couvrez notre pack 6 mois the Mossi et sa formule de nouvelle g\u00e9n\u00e9ration 2024 ! Anti-chute de cheveux, the Mossi booste aussi la croissance des cheveux!","og_url":"https:\/\/growth-factor.fr\/en\/product\/the-mossi-london-pack-6-mois\/","og_site_name":"GrowthFactor","article_modified_time":"2026-04-07T20:02:50+00:00","og_image":[{"width":1200,"height":1200,"url":"https:\/\/growth-factor.fr\/wp-content\/uploads\/2024\/03\/Pack-6-mois-the-Mossi-soin-croissance-cheveux.webp","type":"image\/webp"}],"twitter_card":"summary_large_image","twitter_misc":{"Estimated reading time":"4 minutes"},"schema":{"@context":"https:\/\/schema.org","@graph":[{"@type":"WebPage","@id":"https:\/\/growth-factor.fr\/produit\/the-mossi-london-pack-6-mois","url":"https:\/\/growth-factor.fr\/produit\/the-mossi-london-pack-6-mois","name":"The Mossi london 6-month hair growth pack! \ud83d\udc86\u200d\u2642\ufe0f","isPartOf":{"@id":"https:\/\/growth-factor.fr\/#website"},"primaryImageOfPage":{"@id":"https:\/\/growth-factor.fr\/produit\/the-mossi-london-pack-6-mois#primaryimage"},"image":{"@id":"https:\/\/growth-factor.fr\/produit\/the-mossi-london-pack-6-mois#primaryimage"},"thumbnailUrl":"https:\/\/growth-factor.fr\/wp-content\/uploads\/2024\/03\/Pack-6-mois-the-Mossi-soin-croissance-cheveux.webp","datePublished":"2024-04-03T13:05:05+00:00","dateModified":"2026-04-07T20:02:50+00:00","description":"Discover our 6-month pack the Mossi and its new generation 2024 formula! Anti-hair loss, the Mossi also boosts hair growth!","breadcrumb":{"@id":"https:\/\/growth-factor.fr\/produit\/the-mossi-london-pack-6-mois#breadcrumb"},"inLanguage":"en-GB","potentialAction":[{"@type":"ReadAction","target":["https:\/\/growth-factor.fr\/produit\/the-mossi-london-pack-6-mois"]}]},{"@type":"ImageObject","inLanguage":"en-GB","@id":"https:\/\/growth-factor.fr\/produit\/the-mossi-london-pack-6-mois#primaryimage","url":"https:\/\/growth-factor.fr\/wp-content\/uploads\/2024\/03\/Pack-6-mois-the-Mossi-soin-croissance-cheveux.webp","contentUrl":"https:\/\/growth-factor.fr\/wp-content\/uploads\/2024\/03\/Pack-6-mois-the-Mossi-soin-croissance-cheveux.webp","width":1200,"height":1200,"caption":"Pack 6 mois the Mossi soin croissance cheveux"},{"@type":"BreadcrumbList","@id":"https:\/\/growth-factor.fr\/produit\/the-mossi-london-pack-6-mois#breadcrumb","itemListElement":[{"@type":"ListItem","position":1,"name":"Accueil","item":"https:\/\/growth-factor.fr\/"},{"@type":"ListItem","position":2,"name":"Produits","item":"https:\/\/growth-factor.fr\/shop"},{"@type":"ListItem","position":3,"name":"Pack 6 mois The Mossi sp\u00e9cial croissance des cheveux post greffe"}]},{"@type":"WebSite","@id":"https:\/\/growth-factor.fr\/#website","url":"https:\/\/growth-factor.fr\/","name":"GrowthFactor","description":"Find the growth factor for your hair","potentialAction":[{"@type":"SearchAction","target":{"@type":"EntryPoint","urlTemplate":"https:\/\/growth-factor.fr\/?s={search_term_string}"},"query-input":{"@type":"PropertyValueSpecification","valueRequired":true,"valueName":"search_term_string"}}],"inLanguage":"en-GB"}]}},"_links":{"self":[{"href":"https:\/\/growth-factor.fr\/en\/wp-json\/wp\/v2\/product\/4569","targetHints":{"allow":["GET"]}}],"collection":[{"href":"https:\/\/growth-factor.fr\/en\/wp-json\/wp\/v2\/product"}],"about":[{"href":"https:\/\/growth-factor.fr\/en\/wp-json\/wp\/v2\/types\/product"}],"replies":[{"embeddable":true,"href":"https:\/\/growth-factor.fr\/en\/wp-json\/wp\/v2\/comments?post=4569"}],"version-history":[{"count":19,"href":"https:\/\/growth-factor.fr\/en\/wp-json\/wp\/v2\/product\/4569\/revisions"}],"predecessor-version":[{"id":4761,"href":"https:\/\/growth-factor.fr\/en\/wp-json\/wp\/v2\/product\/4569\/revisions\/4761"}],"wp:featuredmedia":[{"embeddable":true,"href":"https:\/\/growth-factor.fr\/en\/wp-json\/wp\/v2\/media\/4572"}],"wp:attachment":[{"href":"https:\/\/growth-factor.fr\/en\/wp-json\/wp\/v2\/media?parent=4569"}],"wp:term":[{"taxonomy":"product_brand","embeddable":true,"href":"https:\/\/growth-factor.fr\/en\/wp-json\/wp\/v2\/product_brand?post=4569"},{"taxonomy":"product_cat","embeddable":true,"href":"https:\/\/growth-factor.fr\/en\/wp-json\/wp\/v2\/product_cat?post=4569"},{"taxonomy":"product_tag","embeddable":true,"href":"https:\/\/growth-factor.fr\/en\/wp-json\/wp\/v2\/product_tag?post=4569"}],"curies":[{"name":"wp","href":"https:\/\/api.w.org\/{rel}","templated":true}]}}