{"id":2775,"date":"2022-08-22T14:13:20","date_gmt":"2022-08-22T14:13:20","guid":{"rendered":"https:\/\/growth-factor.fr\/?post_type=product&#038;p=2775"},"modified":"2026-04-11T09:01:39","modified_gmt":"2026-04-11T09:01:39","slug":"huile-ozonee-reparatrice-the-mossi","status":"publish","type":"product","link":"https:\/\/growth-factor.fr\/en\/product\/huile-ozonee-reparatrice-the-mossi","title":{"rendered":"The Mossi Ozone Repair Oil"},"content":{"rendered":"<div data-elementor-type=\"product-post\" data-elementor-id=\"2775\" class=\"elementor elementor-2775\" data-elementor-post-type=\"product\">\n\t\t\t\t<div class=\"elementor-element elementor-element-d789e80 e-con-full e-flex e-con e-parent\" data-id=\"d789e80\" data-element_type=\"container\">\n\t\t<div class=\"elementor-element elementor-element-ac92007 e-con-full e-flex elementor-invisible e-con e-child\" data-id=\"ac92007\" data-element_type=\"container\" data-settings=\"{&quot;animation&quot;:&quot;slideInLeft&quot;}\">\n\t\t\t\t<div class=\"elementor-element elementor-element-d9eb54d premium-atext__switch elementor-widget elementor-widget-premium-addon-fancy-text\" data-id=\"d9eb54d\" data-element_type=\"widget\" data-widget_type=\"premium-addon-fancy-text.default\">\n\t\t\t\t<div class=\"elementor-widget-container\">\n\t\t\t\t\t\t\t<div class=\"premium-atext__wrapper premium-atext__typing\" data-start-effect=\"page_load\" data-settings=\"{&quot;effect&quot;:&quot;typing&quot;,&quot;strings&quot;:[&quot;Les Caract\\u00e9ristiques&quot;],&quot;typeSpeed&quot;:30,&quot;backSpeed&quot;:30,&quot;startDelay&quot;:500,&quot;backDelay&quot;:30,&quot;showCursor&quot;:false,&quot;loop&quot;:false,&quot;loading&quot;:false,&quot;style&quot;:&quot;switch&quot;}\">\n\n\t\t\t<h3 class=\"premium-atext__headline\">\n\t\t\t\n\t\t\t\t\t\t<span class=\"premium-atext__text\"><\/span>\n\t\t\n\t\t\t\n\t\t\t\n\t\t\t<\/h3>\n\t\t<\/div>\n\t\t\t\t\t\t<\/div>\n\t\t\t\t<\/div>\n\t\t\t\t<div class=\"elementor-element elementor-element-608fbde premium-unfold-btn-inside elementor-widget elementor-widget-premium-unfold-addon\" data-id=\"608fbde\" data-element_type=\"widget\" data-settings=\"{&quot;premium_unfold_button_fold_text&quot;:&quot;En lire plus&quot;,&quot;premium_unfold_button_unfold_text&quot;:&quot;En voir moins&quot;,&quot;premium_unfold_fold_height&quot;:70,&quot;premium_unfold_fold_height_select&quot;:&quot;percent&quot;,&quot;premium_unfold_fold_dur_select&quot;:&quot;fast&quot;,&quot;premium_unfold_fold_easing&quot;:&quot;swing&quot;,&quot;premium_unfold_unfold_dur_select&quot;:&quot;fast&quot;,&quot;premium_unfold_unfold_easing&quot;:&quot;swing&quot;}\" data-widget_type=\"premium-unfold-addon.default\">\n\t\t\t\t<div class=\"elementor-widget-container\">\n\t\t\t\t\t\n\t\t<div class='premium-unfold-container'>\n\t\t\t<div class='premium-unfold-folder'>\n\t\t\t\t\n\t\t\t\t<div id=\"premium-unfold-content-608fbde\" class=\"premium-unfold-content toggled\">\n\t\t\t\t\t<div class=\"premium-unfold-content-wrap\">\n\t\t\t\t\t\t\t\t\t\t\t\t\t<p><\/p><\/div><\/div><\/div><\/div><\/div><\/div><\/div><\/div><\/div> <a href=\"https:\/\/growth-factor.fr\/en\/product\/huile-ozonee-reparatrice-the-mossi#more-2775\" class=\"more-link elementor-more-link\"><span aria-label=\"Continue reading Huile ozon\u00e9e r\u00e9paratrice The Mossi\">(more&hellip;)<\/span><\/a>","protected":false},"excerpt":{"rendered":"<p><em>An oil that can be used as the first step in post-hair transplant care.<\/em><\/p>\n<ul>\n<li style=\"font-weight: 400;\" aria-level=\"1\">Re-oxygenates the scalp.<\/li>\n<li style=\"font-weight: 400;\" aria-level=\"1\">Soothes itching.<\/li>\n<li style=\"font-weight: 400;\" aria-level=\"1\">Accelerates healing.<\/li>\n<li style=\"font-weight: 400;\" aria-level=\"1\">Improves blood circulation.<\/li>\n<\/ul>\n<p><em>\u00a0<\/em><\/p>\n<p>PU: 30ml bottle<\/p>","protected":false},"featured_media":4600,"comment_status":"open","ping_status":"closed","template":"","meta":[],"product_brand":[],"product_cat":[37,19,21,34],"product_tag":[],"class_list":{"0":"post-2775","1":"product","2":"type-product","3":"status-publish","4":"has-post-thumbnail","6":"product_cat-huile-ozonee","7":"product_cat-soins-cheveux","8":"product_cat-special-soin-post-greffe","9":"product_cat-the-mossi","11":"first","12":"instock","13":"shipping-taxable","14":"purchasable","15":"product-type-simple"},"yoast_head":"<!-- This site is optimized with the Yoast SEO plugin v26.6 - https:\/\/yoast.com\/wordpress\/plugins\/seo\/ -->\n<title>Huile ozon\u00e9e r\u00e9paratrice The Mossi - GrowthFactor<\/title>\n<meta name=\"robots\" content=\"index, follow, max-snippet:-1, max-image-preview:large, max-video-preview:-1\" \/>\n<link rel=\"canonical\" href=\"https:\/\/growth-factor.fr\/en\/product\/huile-ozonee-reparatrice-the-mossi\/\" \/>\n<meta property=\"og:locale\" content=\"en_GB\" \/>\n<meta property=\"og:type\" content=\"article\" \/>\n<meta property=\"og:title\" content=\"Huile ozon\u00e9e r\u00e9paratrice The Mossi - GrowthFactor\" \/>\n<meta property=\"og:description\" content=\"Une huile qui s&#039;utilise en premi\u00e8re \u00e9tape pour les soins post greffe de cheveux.   R\u00e9-oxyg\u00e8ne le cuir chevelu.  Apaise les d\u00e9mangeaisons.  Acc\u00e9l\u00e8re la cicatrisation.  Am\u00e9liore la circulation sanguine.  \u00a0  Qt\u00e9 : flacon de 30ml\" \/>\n<meta property=\"og:url\" content=\"https:\/\/growth-factor.fr\/en\/product\/huile-ozonee-reparatrice-the-mossi\/\" \/>\n<meta property=\"og:site_name\" content=\"GrowthFactor\" \/>\n<meta property=\"article:modified_time\" content=\"2026-04-11T09:01:39+00:00\" \/>\n<meta property=\"og:image\" content=\"https:\/\/growth-factor.fr\/wp-content\/uploads\/2024\/03\/goutte-huile-ozone-the-Mossi-reparation.webp\" \/>\n\t<meta property=\"og:image:width\" content=\"1200\" \/>\n\t<meta property=\"og:image:height\" content=\"1200\" \/>\n\t<meta property=\"og:image:type\" content=\"image\/webp\" \/>\n<meta name=\"twitter:card\" content=\"summary_large_image\" \/>\n<meta name=\"twitter:label1\" content=\"Estimated reading time\" \/>\n\t<meta name=\"twitter:data1\" content=\"1 minute\" \/>\n<script type=\"application\/ld+json\" class=\"yoast-schema-graph\">{\"@context\":\"https:\/\/schema.org\",\"@graph\":[{\"@type\":\"WebPage\",\"@id\":\"https:\/\/growth-factor.fr\/produit\/huile-ozonee-reparatrice-the-mossi\",\"url\":\"https:\/\/growth-factor.fr\/produit\/huile-ozonee-reparatrice-the-mossi\",\"name\":\"Huile ozon\u00e9e r\u00e9paratrice The Mossi - GrowthFactor\",\"isPartOf\":{\"@id\":\"https:\/\/growth-factor.fr\/#website\"},\"primaryImageOfPage\":{\"@id\":\"https:\/\/growth-factor.fr\/produit\/huile-ozonee-reparatrice-the-mossi#primaryimage\"},\"image\":{\"@id\":\"https:\/\/growth-factor.fr\/produit\/huile-ozonee-reparatrice-the-mossi#primaryimage\"},\"thumbnailUrl\":\"https:\/\/growth-factor.fr\/wp-content\/uploads\/2024\/03\/goutte-huile-ozone-the-Mossi-reparation.webp\",\"datePublished\":\"2022-08-22T14:13:20+00:00\",\"dateModified\":\"2026-04-11T09:01:39+00:00\",\"breadcrumb\":{\"@id\":\"https:\/\/growth-factor.fr\/produit\/huile-ozonee-reparatrice-the-mossi#breadcrumb\"},\"inLanguage\":\"en-GB\",\"potentialAction\":[{\"@type\":\"ReadAction\",\"target\":[\"https:\/\/growth-factor.fr\/produit\/huile-ozonee-reparatrice-the-mossi\"]}]},{\"@type\":\"ImageObject\",\"inLanguage\":\"en-GB\",\"@id\":\"https:\/\/growth-factor.fr\/produit\/huile-ozonee-reparatrice-the-mossi#primaryimage\",\"url\":\"https:\/\/growth-factor.fr\/wp-content\/uploads\/2024\/03\/goutte-huile-ozone-the-Mossi-reparation.webp\",\"contentUrl\":\"https:\/\/growth-factor.fr\/wp-content\/uploads\/2024\/03\/goutte-huile-ozone-the-Mossi-reparation.webp\",\"width\":1200,\"height\":1200,\"caption\":\"goutte huile ozone the Mossi r\u00e9paration\"},{\"@type\":\"BreadcrumbList\",\"@id\":\"https:\/\/growth-factor.fr\/produit\/huile-ozonee-reparatrice-the-mossi#breadcrumb\",\"itemListElement\":[{\"@type\":\"ListItem\",\"position\":1,\"name\":\"Accueil\",\"item\":\"https:\/\/growth-factor.fr\/\"},{\"@type\":\"ListItem\",\"position\":2,\"name\":\"Produits\",\"item\":\"https:\/\/growth-factor.fr\/shop\"},{\"@type\":\"ListItem\",\"position\":3,\"name\":\"Huile ozon\u00e9e r\u00e9paratrice The Mossi\"}]},{\"@type\":\"WebSite\",\"@id\":\"https:\/\/growth-factor.fr\/#website\",\"url\":\"https:\/\/growth-factor.fr\/\",\"name\":\"GrowthFactor\",\"description\":\"Trouvez le facteur de croissance pour vos cheveux\",\"potentialAction\":[{\"@type\":\"SearchAction\",\"target\":{\"@type\":\"EntryPoint\",\"urlTemplate\":\"https:\/\/growth-factor.fr\/?s={search_term_string}\"},\"query-input\":{\"@type\":\"PropertyValueSpecification\",\"valueRequired\":true,\"valueName\":\"search_term_string\"}}],\"inLanguage\":\"en-GB\"}]}<\/script>\n<!-- \/ Yoast SEO plugin. -->","yoast_head_json":{"title":"The Mossi Ozone Repair Oil - GrowthFactor","robots":{"index":"index","follow":"follow","max-snippet":"max-snippet:-1","max-image-preview":"max-image-preview:large","max-video-preview":"max-video-preview:-1"},"canonical":"https:\/\/growth-factor.fr\/en\/product\/huile-ozonee-reparatrice-the-mossi\/","og_locale":"en_GB","og_type":"article","og_title":"Huile ozon\u00e9e r\u00e9paratrice The Mossi - GrowthFactor","og_description":"Une huile qui s'utilise en premi\u00e8re \u00e9tape pour les soins post greffe de cheveux.   R\u00e9-oxyg\u00e8ne le cuir chevelu.  Apaise les d\u00e9mangeaisons.  Acc\u00e9l\u00e8re la cicatrisation.  Am\u00e9liore la circulation sanguine.  \u00a0  Qt\u00e9 : flacon de 30ml","og_url":"https:\/\/growth-factor.fr\/en\/product\/huile-ozonee-reparatrice-the-mossi\/","og_site_name":"GrowthFactor","article_modified_time":"2026-04-11T09:01:39+00:00","og_image":[{"width":1200,"height":1200,"url":"https:\/\/growth-factor.fr\/wp-content\/uploads\/2024\/03\/goutte-huile-ozone-the-Mossi-reparation.webp","type":"image\/webp"}],"twitter_card":"summary_large_image","twitter_misc":{"Estimated reading time":"1 minute"},"schema":{"@context":"https:\/\/schema.org","@graph":[{"@type":"WebPage","@id":"https:\/\/growth-factor.fr\/produit\/huile-ozonee-reparatrice-the-mossi","url":"https:\/\/growth-factor.fr\/produit\/huile-ozonee-reparatrice-the-mossi","name":"The Mossi Ozone Repair Oil - GrowthFactor","isPartOf":{"@id":"https:\/\/growth-factor.fr\/#website"},"primaryImageOfPage":{"@id":"https:\/\/growth-factor.fr\/produit\/huile-ozonee-reparatrice-the-mossi#primaryimage"},"image":{"@id":"https:\/\/growth-factor.fr\/produit\/huile-ozonee-reparatrice-the-mossi#primaryimage"},"thumbnailUrl":"https:\/\/growth-factor.fr\/wp-content\/uploads\/2024\/03\/goutte-huile-ozone-the-Mossi-reparation.webp","datePublished":"2022-08-22T14:13:20+00:00","dateModified":"2026-04-11T09:01:39+00:00","breadcrumb":{"@id":"https:\/\/growth-factor.fr\/produit\/huile-ozonee-reparatrice-the-mossi#breadcrumb"},"inLanguage":"en-GB","potentialAction":[{"@type":"ReadAction","target":["https:\/\/growth-factor.fr\/produit\/huile-ozonee-reparatrice-the-mossi"]}]},{"@type":"ImageObject","inLanguage":"en-GB","@id":"https:\/\/growth-factor.fr\/produit\/huile-ozonee-reparatrice-the-mossi#primaryimage","url":"https:\/\/growth-factor.fr\/wp-content\/uploads\/2024\/03\/goutte-huile-ozone-the-Mossi-reparation.webp","contentUrl":"https:\/\/growth-factor.fr\/wp-content\/uploads\/2024\/03\/goutte-huile-ozone-the-Mossi-reparation.webp","width":1200,"height":1200,"caption":"goutte huile ozone the Mossi r\u00e9paration"},{"@type":"BreadcrumbList","@id":"https:\/\/growth-factor.fr\/produit\/huile-ozonee-reparatrice-the-mossi#breadcrumb","itemListElement":[{"@type":"ListItem","position":1,"name":"Accueil","item":"https:\/\/growth-factor.fr\/"},{"@type":"ListItem","position":2,"name":"Produits","item":"https:\/\/growth-factor.fr\/shop"},{"@type":"ListItem","position":3,"name":"Huile ozon\u00e9e r\u00e9paratrice The Mossi"}]},{"@type":"WebSite","@id":"https:\/\/growth-factor.fr\/#website","url":"https:\/\/growth-factor.fr\/","name":"GrowthFactor","description":"Find the growth factor for your hair","potentialAction":[{"@type":"SearchAction","target":{"@type":"EntryPoint","urlTemplate":"https:\/\/growth-factor.fr\/?s={search_term_string}"},"query-input":{"@type":"PropertyValueSpecification","valueRequired":true,"valueName":"search_term_string"}}],"inLanguage":"en-GB"}]}},"_links":{"self":[{"href":"https:\/\/growth-factor.fr\/en\/wp-json\/wp\/v2\/product\/2775","targetHints":{"allow":["GET"]}}],"collection":[{"href":"https:\/\/growth-factor.fr\/en\/wp-json\/wp\/v2\/product"}],"about":[{"href":"https:\/\/growth-factor.fr\/en\/wp-json\/wp\/v2\/types\/product"}],"replies":[{"embeddable":true,"href":"https:\/\/growth-factor.fr\/en\/wp-json\/wp\/v2\/comments?post=2775"}],"version-history":[{"count":37,"href":"https:\/\/growth-factor.fr\/en\/wp-json\/wp\/v2\/product\/2775\/revisions"}],"predecessor-version":[{"id":4720,"href":"https:\/\/growth-factor.fr\/en\/wp-json\/wp\/v2\/product\/2775\/revisions\/4720"}],"wp:featuredmedia":[{"embeddable":true,"href":"https:\/\/growth-factor.fr\/en\/wp-json\/wp\/v2\/media\/4600"}],"wp:attachment":[{"href":"https:\/\/growth-factor.fr\/en\/wp-json\/wp\/v2\/media?parent=2775"}],"wp:term":[{"taxonomy":"product_brand","embeddable":true,"href":"https:\/\/growth-factor.fr\/en\/wp-json\/wp\/v2\/product_brand?post=2775"},{"taxonomy":"product_cat","embeddable":true,"href":"https:\/\/growth-factor.fr\/en\/wp-json\/wp\/v2\/product_cat?post=2775"},{"taxonomy":"product_tag","embeddable":true,"href":"https:\/\/growth-factor.fr\/en\/wp-json\/wp\/v2\/product_tag?post=2775"}],"curies":[{"name":"wp","href":"https:\/\/api.w.org\/{rel}","templated":true}]}}